{"id":526,"date":"2023-10-04T18:26:02","date_gmt":"2023-10-04T21:26:02","guid":{"rendered":"https:\/\/rwmotos.com\/?post_type=product&#038;p=526"},"modified":"2024-04-05T20:59:07","modified_gmt":"2024-04-05T23:59:07","slug":"xmax-2023-31-900-00","status":"publish","type":"product","link":"https:\/\/rwmotos.com\/?product=xmax-2023-31-900-00","title":{"rendered":"YAMAHA XMAX ABS  -R$ 34.900,00"},"content":{"rendered":"<div class=\"post-content\"><div id=\"wg_508_17762305596347\" class=\"woowgallery-wrapper wg-id-508 type-woowgallery\" itemscope itemtype=\"http:\/\/schema.org\/ImageGallery\">\t\t<div class='woowgallery-amron'>\n\t\t\t<script type=\"application\/json\" class=\"wg-json-content\">[{\"type\":\"attachment\",\"subtype\":\"image\",\"status\":\"publish\",\"id\":\"518\",\"title_src\":\"title\",\"alt_src\":\"alt\",\"caption_src\":\"caption\",\"title\":\"IMG_0671\",\"alt\":\"\",\"caption\":\"\",\"link\":{\"text\":\"\",\"url\":\"\",\"target\":\"_self\"},\"tags\":[],\"author\":{\"id\":\"1\",\"name\":\"suporte@spybox.com.br\",\"url\":\"http:\\\/\\\/rwmotos.com\"},\"slug\":\"img_0671\",\"date\":\"2023-10-04T18:22:11\",\"src\":\"https:\\\/\\\/rwmotos.com\\\/?p=518\",\"original\":\"https:\\\/\\\/rwmotos.com\\\/wp-content\\\/uploads\\\/2023\\\/10\\\/IMG_0671.jpg\",\"comments\":{\"status\":\"open\",\"count\":\"0\"},\"copyright\":\"\",\"thumb\":[\"https:\\\/\\\/rwmotos.com\\\/wp-content\\\/uploads\\\/2023\\\/10\\\/IMG_0671-400x267.jpg\",400,267,true],\"image\":[\"https:\\\/\\\/rwmotos.com\\\/wp-content\\\/uploads\\\/2023\\\/10\\\/IMG_0671.jpg\",1920,1280,false],\"image_id\":518,\"resized\":true,\"file\":\"\\\/home\\\/u682471960\\\/domains\\\/rwmotos.com\\\/public_html\\\/wp-content\\\/uploads\\\/2023\\\/10\\\/IMG_0671.jpg\",\"meta\":{\"aperture\":\"3.5\",\"camera\":\"Canon EOS Rebel T7\",\"created_timestamp\":\"1695722158\",\"focal_length\":\"21\",\"iso\":\"400\",\"shutter_speed\":\"0.02\"},\"tags_taxonomy\":\"media_tag\"},{\"type\":\"attachment\",\"subtype\":\"image\",\"status\":\"publish\",\"id\":\"522\",\"title_src\":\"title\",\"alt_src\":\"alt\",\"caption_src\":\"caption\",\"title\":\"IMG_0668 (1)\",\"alt\":\"\",\"caption\":\"\",\"link\":{\"text\":\"\",\"url\":\"\",\"target\":\"_self\"},\"tags\":[],\"author\":{\"id\":\"1\",\"name\":\"suporte@spybox.com.br\",\"url\":\"http:\\\/\\\/rwmotos.com\"},\"slug\":\"img_0668-1\",\"date\":\"2023-10-04T18:22:18\",\"src\":\"https:\\\/\\\/rwmotos.com\\\/?p=522\",\"original\":\"https:\\\/\\\/rwmotos.com\\\/wp-content\\\/uploads\\\/2023\\\/10\\\/IMG_0668-1.jpg\",\"comments\":{\"status\":\"open\",\"count\":\"0\"},\"copyright\":\"\",\"thumb\":[\"https:\\\/\\\/rwmotos.com\\\/wp-content\\\/uploads\\\/2023\\\/10\\\/IMG_0668-1-400x267.jpg\",400,267,true],\"image\":[\"https:\\\/\\\/rwmotos.com\\\/wp-content\\\/uploads\\\/2023\\\/10\\\/IMG_0668-1.jpg\",1920,1280,false],\"image_id\":522,\"resized\":true,\"file\":\"\\\/home\\\/u682471960\\\/domains\\\/rwmotos.com\\\/public_html\\\/wp-content\\\/uploads\\\/2023\\\/10\\\/IMG_0668-1.jpg\",\"meta\":{\"aperture\":\"3.5\",\"camera\":\"Canon EOS Rebel T7\",\"created_timestamp\":\"1695722602\",\"focal_length\":\"20\",\"iso\":\"400\",\"shutter_speed\":\"0.016666666666667\"},\"tags_taxonomy\":\"media_tag\"},{\"type\":\"attachment\",\"subtype\":\"image\",\"status\":\"publish\",\"id\":\"523\",\"title_src\":\"title\",\"alt_src\":\"alt\",\"caption_src\":\"caption\",\"title\":\"IMG_0666\",\"alt\":\"\",\"caption\":\"\",\"link\":{\"text\":\"\",\"url\":\"\",\"target\":\"_self\"},\"tags\":[],\"author\":{\"id\":\"1\",\"name\":\"suporte@spybox.com.br\",\"url\":\"http:\\\/\\\/rwmotos.com\"},\"slug\":\"img_0666\",\"date\":\"2023-10-04T18:22:20\",\"src\":\"https:\\\/\\\/rwmotos.com\\\/?p=523\",\"original\":\"https:\\\/\\\/rwmotos.com\\\/wp-content\\\/uploads\\\/2023\\\/10\\\/IMG_0666.jpg\",\"comments\":{\"status\":\"open\",\"count\":\"0\"},\"copyright\":\"\",\"thumb\":[\"https:\\\/\\\/rwmotos.com\\\/wp-content\\\/uploads\\\/2023\\\/10\\\/IMG_0666-400x267.jpg\",400,267,true],\"image\":[\"https:\\\/\\\/rwmotos.com\\\/wp-content\\\/uploads\\\/2023\\\/10\\\/IMG_0666.jpg\",1920,1280,false],\"image_id\":523,\"resized\":true,\"file\":\"\\\/home\\\/u682471960\\\/domains\\\/rwmotos.com\\\/public_html\\\/wp-content\\\/uploads\\\/2023\\\/10\\\/IMG_0666.jpg\",\"meta\":{\"aperture\":\"3.5\",\"camera\":\"Canon EOS Rebel T7\",\"created_timestamp\":\"1695722601\",\"focal_length\":\"20\",\"iso\":\"400\",\"shutter_speed\":\"0.016666666666667\"},\"tags_taxonomy\":\"media_tag\"},{\"type\":\"attachment\",\"subtype\":\"image\",\"status\":\"publish\",\"id\":\"510\",\"title_src\":\"title\",\"alt_src\":\"alt\",\"caption_src\":\"caption\",\"title\":\"IMG_0680\",\"alt\":\"\",\"caption\":\"\",\"link\":{\"text\":\"\",\"url\":\"\",\"target\":\"_self\"},\"tags\":[],\"author\":{\"id\":\"1\",\"name\":\"suporte@spybox.com.br\",\"url\":\"http:\\\/\\\/rwmotos.com\"},\"slug\":\"img_0680\",\"date\":\"2023-10-04T18:21:57\",\"src\":\"https:\\\/\\\/rwmotos.com\\\/?p=510\",\"original\":\"https:\\\/\\\/rwmotos.com\\\/wp-content\\\/uploads\\\/2023\\\/10\\\/IMG_0680.jpg\",\"comments\":{\"status\":\"open\",\"count\":\"0\"},\"copyright\":\"\",\"thumb\":[\"https:\\\/\\\/rwmotos.com\\\/wp-content\\\/uploads\\\/2023\\\/10\\\/IMG_0680-400x267.jpg\",400,267,true],\"image\":[\"https:\\\/\\\/rwmotos.com\\\/wp-content\\\/uploads\\\/2023\\\/10\\\/IMG_0680.jpg\",1920,1280,false],\"image_id\":510,\"resized\":true,\"file\":\"\\\/home\\\/u682471960\\\/domains\\\/rwmotos.com\\\/public_html\\\/wp-content\\\/uploads\\\/2023\\\/10\\\/IMG_0680.jpg\",\"meta\":{\"aperture\":\"3.5\",\"camera\":\"Canon EOS Rebel T7\",\"created_timestamp\":\"1695722579\",\"focal_length\":\"18\",\"iso\":\"400\",\"shutter_speed\":\"0.02\"},\"tags_taxonomy\":\"media_tag\"},{\"type\":\"attachment\",\"subtype\":\"image\",\"status\":\"publish\",\"id\":\"524\",\"title_src\":\"title\",\"alt_src\":\"alt\",\"caption_src\":\"caption\",\"title\":\"IMG_0665\",\"alt\":\"\",\"caption\":\"\",\"link\":{\"text\":\"\",\"url\":\"\",\"target\":\"_self\"},\"tags\":[],\"author\":{\"id\":\"1\",\"name\":\"suporte@spybox.com.br\",\"url\":\"http:\\\/\\\/rwmotos.com\"},\"slug\":\"img_0665\",\"date\":\"2023-10-04T18:22:21\",\"src\":\"https:\\\/\\\/rwmotos.com\\\/?p=524\",\"original\":\"https:\\\/\\\/rwmotos.com\\\/wp-content\\\/uploads\\\/2023\\\/10\\\/IMG_0665.jpg\",\"comments\":{\"status\":\"open\",\"count\":\"0\"},\"copyright\":\"\",\"thumb\":[\"https:\\\/\\\/rwmotos.com\\\/wp-content\\\/uploads\\\/2023\\\/10\\\/IMG_0665-400x267.jpg\",400,267,true],\"image\":[\"https:\\\/\\\/rwmotos.com\\\/wp-content\\\/uploads\\\/2023\\\/10\\\/IMG_0665.jpg\",1920,1280,false],\"image_id\":524,\"resized\":true,\"file\":\"\\\/home\\\/u682471960\\\/domains\\\/rwmotos.com\\\/public_html\\\/wp-content\\\/uploads\\\/2023\\\/10\\\/IMG_0665.jpg\",\"meta\":{\"aperture\":\"3.5\",\"camera\":\"Canon EOS Rebel T7\",\"created_timestamp\":\"1695722604\",\"focal_length\":\"23\",\"iso\":\"400\",\"shutter_speed\":\"0.016666666666667\"},\"tags_taxonomy\":\"media_tag\"},{\"type\":\"attachment\",\"subtype\":\"image\",\"status\":\"publish\",\"id\":\"511\",\"title_src\":\"title\",\"alt_src\":\"alt\",\"caption_src\":\"caption\",\"title\":\"IMG_0679\",\"alt\":\"\",\"caption\":\"\",\"link\":{\"text\":\"\",\"url\":\"\",\"target\":\"_self\"},\"tags\":[],\"author\":{\"id\":\"1\",\"name\":\"suporte@spybox.com.br\",\"url\":\"http:\\\/\\\/rwmotos.com\"},\"slug\":\"img_0679\",\"date\":\"2023-10-04T18:21:59\",\"src\":\"https:\\\/\\\/rwmotos.com\\\/?p=511\",\"original\":\"https:\\\/\\\/rwmotos.com\\\/wp-content\\\/uploads\\\/2023\\\/10\\\/IMG_0679.jpg\",\"comments\":{\"status\":\"open\",\"count\":\"0\"},\"copyright\":\"\",\"thumb\":[\"https:\\\/\\\/rwmotos.com\\\/wp-content\\\/uploads\\\/2023\\\/10\\\/IMG_0679-400x267.jpg\",400,267,true],\"image\":[\"https:\\\/\\\/rwmotos.com\\\/wp-content\\\/uploads\\\/2023\\\/10\\\/IMG_0679.jpg\",1920,1280,false],\"image_id\":511,\"resized\":true,\"file\":\"\\\/home\\\/u682471960\\\/domains\\\/rwmotos.com\\\/public_html\\\/wp-content\\\/uploads\\\/2023\\\/10\\\/IMG_0679.jpg\",\"meta\":{\"aperture\":\"4\",\"camera\":\"Canon EOS Rebel T7\",\"created_timestamp\":\"1695722402\",\"focal_length\":\"28\",\"iso\":\"400\",\"shutter_speed\":\"0.02\"},\"tags_taxonomy\":\"media_tag\"},{\"type\":\"attachment\",\"subtype\":\"image\",\"status\":\"publish\",\"id\":\"520\",\"title_src\":\"title\",\"alt_src\":\"alt\",\"caption_src\":\"caption\",\"title\":\"IMG_0669 (1)\",\"alt\":\"\",\"caption\":\"\",\"link\":{\"text\":\"\",\"url\":\"\",\"target\":\"_self\"},\"tags\":[],\"author\":{\"id\":\"1\",\"name\":\"suporte@spybox.com.br\",\"url\":\"http:\\\/\\\/rwmotos.com\"},\"slug\":\"img_0669-1\",\"date\":\"2023-10-04T18:22:15\",\"src\":\"https:\\\/\\\/rwmotos.com\\\/?p=520\",\"original\":\"https:\\\/\\\/rwmotos.com\\\/wp-content\\\/uploads\\\/2023\\\/10\\\/IMG_0669-1.jpg\",\"comments\":{\"status\":\"open\",\"count\":\"0\"},\"copyright\":\"\",\"thumb\":[\"https:\\\/\\\/rwmotos.com\\\/wp-content\\\/uploads\\\/2023\\\/10\\\/IMG_0669-1-400x267.jpg\",400,267,true],\"image\":[\"https:\\\/\\\/rwmotos.com\\\/wp-content\\\/uploads\\\/2023\\\/10\\\/IMG_0669-1.jpg\",1920,1280,false],\"image_id\":520,\"resized\":true,\"file\":\"\\\/home\\\/u682471960\\\/domains\\\/rwmotos.com\\\/public_html\\\/wp-content\\\/uploads\\\/2023\\\/10\\\/IMG_0669-1.jpg\",\"meta\":{\"aperture\":\"5\",\"camera\":\"Canon EOS Rebel T7\",\"created_timestamp\":\"1695722159\",\"focal_length\":\"39\",\"iso\":\"400\",\"shutter_speed\":\"0.016666666666667\"},\"tags_taxonomy\":\"media_tag\"},{\"type\":\"attachment\",\"subtype\":\"image\",\"status\":\"publish\",\"id\":\"512\",\"title_src\":\"title\",\"alt_src\":\"alt\",\"caption_src\":\"caption\",\"title\":\"IMG_0678\",\"alt\":\"\",\"caption\":\"\",\"link\":{\"text\":\"\",\"url\":\"\",\"target\":\"_self\"},\"tags\":[],\"author\":{\"id\":\"1\",\"name\":\"suporte@spybox.com.br\",\"url\":\"http:\\\/\\\/rwmotos.com\"},\"slug\":\"img_0678\",\"date\":\"2023-10-04T18:22:00\",\"src\":\"https:\\\/\\\/rwmotos.com\\\/?p=512\",\"original\":\"https:\\\/\\\/rwmotos.com\\\/wp-content\\\/uploads\\\/2023\\\/10\\\/IMG_0678.jpg\",\"comments\":{\"status\":\"open\",\"count\":\"0\"},\"copyright\":\"\",\"thumb\":[\"https:\\\/\\\/rwmotos.com\\\/wp-content\\\/uploads\\\/2023\\\/10\\\/IMG_0678-400x267.jpg\",400,267,true],\"image\":[\"https:\\\/\\\/rwmotos.com\\\/wp-content\\\/uploads\\\/2023\\\/10\\\/IMG_0678.jpg\",1920,1280,false],\"image_id\":512,\"resized\":true,\"file\":\"\\\/home\\\/u682471960\\\/domains\\\/rwmotos.com\\\/public_html\\\/wp-content\\\/uploads\\\/2023\\\/10\\\/IMG_0678.jpg\",\"meta\":{\"aperture\":\"4\",\"camera\":\"Canon EOS Rebel T7\",\"created_timestamp\":\"1695722586\",\"focal_length\":\"28\",\"iso\":\"400\",\"shutter_speed\":\"0.02\"},\"tags_taxonomy\":\"media_tag\"},{\"type\":\"attachment\",\"subtype\":\"image\",\"status\":\"publish\",\"id\":\"513\",\"title_src\":\"title\",\"alt_src\":\"alt\",\"caption_src\":\"caption\",\"title\":\"IMG_0677 (1)\",\"alt\":\"\",\"caption\":\"\",\"link\":{\"text\":\"\",\"url\":\"\",\"target\":\"_self\"},\"tags\":[],\"author\":{\"id\":\"1\",\"name\":\"suporte@spybox.com.br\",\"url\":\"http:\\\/\\\/rwmotos.com\"},\"slug\":\"img_0677-1\",\"date\":\"2023-10-04T18:22:02\",\"src\":\"https:\\\/\\\/rwmotos.com\\\/?p=513\",\"original\":\"https:\\\/\\\/rwmotos.com\\\/wp-content\\\/uploads\\\/2023\\\/10\\\/IMG_0677-1.jpg\",\"comments\":{\"status\":\"open\",\"count\":\"0\"},\"copyright\":\"\",\"thumb\":[\"https:\\\/\\\/rwmotos.com\\\/wp-content\\\/uploads\\\/2023\\\/10\\\/IMG_0677-1-400x267.jpg\",400,267,true],\"image\":[\"https:\\\/\\\/rwmotos.com\\\/wp-content\\\/uploads\\\/2023\\\/10\\\/IMG_0677-1.jpg\",1920,1280,false],\"image_id\":513,\"resized\":true,\"file\":\"\\\/home\\\/u682471960\\\/domains\\\/rwmotos.com\\\/public_html\\\/wp-content\\\/uploads\\\/2023\\\/10\\\/IMG_0677-1.jpg\",\"meta\":{\"aperture\":\"3.5\",\"camera\":\"Canon EOS Rebel T7\",\"created_timestamp\":\"1695722587\",\"focal_length\":\"23\",\"iso\":\"400\",\"shutter_speed\":\"0.02\"},\"tags_taxonomy\":\"media_tag\"},{\"type\":\"attachment\",\"subtype\":\"image\",\"status\":\"publish\",\"id\":\"514\",\"title_src\":\"title\",\"alt_src\":\"alt\",\"caption_src\":\"caption\",\"title\":\"IMG_0676\",\"alt\":\"\",\"caption\":\"\",\"link\":{\"text\":\"\",\"url\":\"\",\"target\":\"_self\"},\"tags\":[],\"author\":{\"id\":\"1\",\"name\":\"suporte@spybox.com.br\",\"url\":\"http:\\\/\\\/rwmotos.com\"},\"slug\":\"img_0676\",\"date\":\"2023-10-04T18:22:04\",\"src\":\"https:\\\/\\\/rwmotos.com\\\/?p=514\",\"original\":\"https:\\\/\\\/rwmotos.com\\\/wp-content\\\/uploads\\\/2023\\\/10\\\/IMG_0676.jpg\",\"comments\":{\"status\":\"open\",\"count\":\"0\"},\"copyright\":\"\",\"thumb\":[\"https:\\\/\\\/rwmotos.com\\\/wp-content\\\/uploads\\\/2023\\\/10\\\/IMG_0676-400x267.jpg\",400,267,true],\"image\":[\"https:\\\/\\\/rwmotos.com\\\/wp-content\\\/uploads\\\/2023\\\/10\\\/IMG_0676.jpg\",1920,1280,false],\"image_id\":514,\"resized\":true,\"file\":\"\\\/home\\\/u682471960\\\/domains\\\/rwmotos.com\\\/public_html\\\/wp-content\\\/uploads\\\/2023\\\/10\\\/IMG_0676.jpg\",\"meta\":{\"aperture\":\"5\",\"camera\":\"Canon EOS Rebel T7\",\"created_timestamp\":\"1695722585\",\"focal_length\":\"44\",\"iso\":\"400\",\"shutter_speed\":\"0.02\"},\"tags_taxonomy\":\"media_tag\"},{\"type\":\"attachment\",\"subtype\":\"image\",\"status\":\"publish\",\"id\":\"515\",\"title_src\":\"title\",\"alt_src\":\"alt\",\"caption_src\":\"caption\",\"title\":\"IMG_0675\",\"alt\":\"\",\"caption\":\"\",\"link\":{\"text\":\"\",\"url\":\"\",\"target\":\"_self\"},\"tags\":[],\"author\":{\"id\":\"1\",\"name\":\"suporte@spybox.com.br\",\"url\":\"http:\\\/\\\/rwmotos.com\"},\"slug\":\"img_0675\",\"date\":\"2023-10-04T18:22:06\",\"src\":\"https:\\\/\\\/rwmotos.com\\\/?p=515\",\"original\":\"https:\\\/\\\/rwmotos.com\\\/wp-content\\\/uploads\\\/2023\\\/10\\\/IMG_0675.jpg\",\"comments\":{\"status\":\"open\",\"count\":\"0\"},\"copyright\":\"\",\"thumb\":[\"https:\\\/\\\/rwmotos.com\\\/wp-content\\\/uploads\\\/2023\\\/10\\\/IMG_0675-400x267.jpg\",400,267,true],\"image\":[\"https:\\\/\\\/rwmotos.com\\\/wp-content\\\/uploads\\\/2023\\\/10\\\/IMG_0675.jpg\",1920,1280,false],\"image_id\":515,\"resized\":true,\"file\":\"\\\/home\\\/u682471960\\\/domains\\\/rwmotos.com\\\/public_html\\\/wp-content\\\/uploads\\\/2023\\\/10\\\/IMG_0675.jpg\",\"meta\":{\"aperture\":\"3.5\",\"camera\":\"Canon EOS Rebel T7\",\"created_timestamp\":\"1695722589\",\"focal_length\":\"21\",\"iso\":\"400\",\"shutter_speed\":\"0.02\"},\"tags_taxonomy\":\"media_tag\"},{\"type\":\"attachment\",\"subtype\":\"image\",\"status\":\"publish\",\"id\":\"516\",\"title_src\":\"title\",\"alt_src\":\"alt\",\"caption_src\":\"caption\",\"title\":\"IMG_0673\",\"alt\":\"\",\"caption\":\"\",\"link\":{\"text\":\"\",\"url\":\"\",\"target\":\"_self\"},\"tags\":[],\"author\":{\"id\":\"1\",\"name\":\"suporte@spybox.com.br\",\"url\":\"http:\\\/\\\/rwmotos.com\"},\"slug\":\"img_0673\",\"date\":\"2023-10-04T18:22:07\",\"src\":\"https:\\\/\\\/rwmotos.com\\\/?p=516\",\"original\":\"https:\\\/\\\/rwmotos.com\\\/wp-content\\\/uploads\\\/2023\\\/10\\\/IMG_0673.jpg\",\"comments\":{\"status\":\"open\",\"count\":\"0\"},\"copyright\":\"\",\"thumb\":[\"https:\\\/\\\/rwmotos.com\\\/wp-content\\\/uploads\\\/2023\\\/10\\\/IMG_0673-400x267.jpg\",400,267,true],\"image\":[\"https:\\\/\\\/rwmotos.com\\\/wp-content\\\/uploads\\\/2023\\\/10\\\/IMG_0673.jpg\",1920,1280,false],\"image_id\":516,\"resized\":true,\"file\":\"\\\/home\\\/u682471960\\\/domains\\\/rwmotos.com\\\/public_html\\\/wp-content\\\/uploads\\\/2023\\\/10\\\/IMG_0673.jpg\",\"meta\":{\"aperture\":\"4\",\"camera\":\"Canon EOS Rebel T7\",\"created_timestamp\":\"1695722592\",\"focal_length\":\"27\",\"iso\":\"400\",\"shutter_speed\":\"0.02\"},\"tags_taxonomy\":\"media_tag\"},{\"type\":\"attachment\",\"subtype\":\"image\",\"status\":\"publish\",\"id\":\"517\",\"title_src\":\"title\",\"alt_src\":\"alt\",\"caption_src\":\"caption\",\"title\":\"IMG_0672\",\"alt\":\"\",\"caption\":\"\",\"link\":{\"text\":\"\",\"url\":\"\",\"target\":\"_self\"},\"tags\":[],\"author\":{\"id\":\"1\",\"name\":\"suporte@spybox.com.br\",\"url\":\"http:\\\/\\\/rwmotos.com\"},\"slug\":\"img_0672\",\"date\":\"2023-10-04T18:22:09\",\"src\":\"https:\\\/\\\/rwmotos.com\\\/?p=517\",\"original\":\"https:\\\/\\\/rwmotos.com\\\/wp-content\\\/uploads\\\/2023\\\/10\\\/IMG_0672.jpg\",\"comments\":{\"status\":\"open\",\"count\":\"0\"},\"copyright\":\"\",\"thumb\":[\"https:\\\/\\\/rwmotos.com\\\/wp-content\\\/uploads\\\/2023\\\/10\\\/IMG_0672-400x267.jpg\",400,267,true],\"image\":[\"https:\\\/\\\/rwmotos.com\\\/wp-content\\\/uploads\\\/2023\\\/10\\\/IMG_0672.jpg\",1920,1280,false],\"image_id\":517,\"resized\":true,\"file\":\"\\\/home\\\/u682471960\\\/domains\\\/rwmotos.com\\\/public_html\\\/wp-content\\\/uploads\\\/2023\\\/10\\\/IMG_0672.jpg\",\"meta\":{\"aperture\":\"4\",\"camera\":\"Canon EOS Rebel T7\",\"created_timestamp\":\"1695722149\",\"focal_length\":\"25\",\"iso\":\"400\",\"shutter_speed\":\"0.02\"},\"tags_taxonomy\":\"media_tag\"},{\"type\":\"attachment\",\"subtype\":\"image\",\"status\":\"publish\",\"id\":\"519\",\"title_src\":\"title\",\"alt_src\":\"alt\",\"caption_src\":\"caption\",\"title\":\"IMG_0670\",\"alt\":\"\",\"caption\":\"\",\"link\":{\"text\":\"\",\"url\":\"\",\"target\":\"_self\"},\"tags\":[],\"author\":{\"id\":\"1\",\"name\":\"suporte@spybox.com.br\",\"url\":\"http:\\\/\\\/rwmotos.com\"},\"slug\":\"img_0670\",\"date\":\"2023-10-04T18:22:13\",\"src\":\"https:\\\/\\\/rwmotos.com\\\/?p=519\",\"original\":\"https:\\\/\\\/rwmotos.com\\\/wp-content\\\/uploads\\\/2023\\\/10\\\/IMG_0670.jpg\",\"comments\":{\"status\":\"open\",\"count\":\"0\"},\"copyright\":\"\",\"thumb\":[\"https:\\\/\\\/rwmotos.com\\\/wp-content\\\/uploads\\\/2023\\\/10\\\/IMG_0670-400x267.jpg\",400,267,true],\"image\":[\"https:\\\/\\\/rwmotos.com\\\/wp-content\\\/uploads\\\/2023\\\/10\\\/IMG_0670.jpg\",1920,1280,false],\"image_id\":519,\"resized\":true,\"file\":\"\\\/home\\\/u682471960\\\/domains\\\/rwmotos.com\\\/public_html\\\/wp-content\\\/uploads\\\/2023\\\/10\\\/IMG_0670.jpg\",\"meta\":{\"aperture\":\"4\",\"camera\":\"Canon EOS Rebel T7\",\"created_timestamp\":\"1695722598\",\"focal_length\":\"25\",\"iso\":\"400\",\"shutter_speed\":\"0.016666666666667\"},\"tags_taxonomy\":\"media_tag\"}]<\/script>\n\t\t\t<script type=\"application\/json\" class=\"wg-json-settings\">{\"copyR_Protection\":1,\"copyR_Alert\":\"Hello, this photo is mine!\",\"sliderScrollNavi\":1,\"sliderNextPrevAnimation\":\"animation\",\"sliderBgColor\":\"rgba(0,0,0,0.9)\",\"sliderPreloaderColor\":\"rgba(255,255,255,1)\",\"sliderHeaderFooterBgColor\":\"rgba(0,0,0,0.4)\",\"sliderNavigationColor\":\"rgba(0,0,0,1)\",\"sliderNavigationColorOver\":\"rgba(255,255,255,1)\",\"sliderNavigationIconColor\":\"rgba(255,255,255,1)\",\"sliderNavigationIconColorOver\":\"rgba(0,0,0,1)\",\"sliderItemTitleEnable\":0,\"sliderItemTitleFontSize\":18,\"sliderItemTitleTextColor\":\"rgba(255,255,255,1)\",\"sliderItemDescriptionEnable\":0,\"sliderItemDescriptionFontSize\":16,\"sliderItemDescriptionTextColor\":\"rgba(255,255,255,0.8)\",\"infoBarExifEnable\":0,\"sliderThumbBarEnable\":1,\"sliderThumbBarHoverColor\":\"rgba(255,255,255,1)\",\"sliderPlayButton\":1,\"slideshowDelay\":8,\"slideshowProgressBarColor\":\"rgba(255,255,255,1)\",\"slideshowProgressBarBGColor\":\"rgba(255,255,255,0.6)\",\"sliderZoomButton\":1,\"sliderSocialShareEnabled\":1,\"sliderFullScreen\":1,\"sliderThumbSubMenuBackgroundColor\":\"rgba(0, 0, 0, 0)\",\"sliderThumbSubMenuIconColor\":\"rgba(255, 255, 255, 1)\",\"sliderThumbSubMenuBackgroundColorOver\":\"rgba(255, 255, 255, 1)\",\"sliderThumbSubMenuIconHoverColor\":\"rgba(0, 0, 0, 1)\",\"__lightbox\":\"woowlightbox\",\"collectionPreloaderColor\":\"rgba(180,180,180,1)\",\"collectionBgColor\":\"rgba(255,255,255,0)\",\"collectionThumbColumns\":3,\"collectionThumbRecomendedWidth\":200,\"thumbSpacing\":10,\"tagsFilter\":1,\"tagCloudAll\":\"All\",\"tagCloudTextColor\":\"rgba(0,0,0,1)\",\"tagCloudBgColor\":\"rgba(180,180,180,1)\",\"collectionThumbHoverColor\":\"rgba(0,0,0,0.5)\",\"collectionThumbTitleShow\":0,\"collectionThumbTitleColor\":\"rgba(0,0,0,1)\",\"collectionThumbFontSize\":18,\"collectionThumbDescriptionShow\":0,\"collectionThumbContentBGColor\":\"rgba(220,220,220,1)\",\"collectionThumbDescriptionColor\":\"rgba(0,0,0,1)\",\"collectionThumbDescriptionFontSize\":15,\"collectionReadMoreButtonShow\":1,\"collectionReadMoreButtonLabel\":\"Read More\",\"collectionReadMoreButtonFontSize\":12,\"collectionReadMoreButtonBGColor\":\"rgba(0,0,0,1)\",\"collectionReadMoreButtonBGColorHover\":\"rgba(180,180,180,1)\",\"collectionReadMoreButtonLabelColor\":\"rgba(255,255,255,1)\",\"collectionReadMoreButtonLabelColorHover\":\"rgba(0,0,0,1)\",\"shareBarBgColor\":\"rgba(0,0,0,0.9)\",\"shareBarIconColor\":\"rgba(255,255,255,1)\",\"shareBarFacebook\":1,\"shareBarTwitter\":1,\"shareBarPinterest\":1,\"shareBarDownload\":1,\"__skin\":\"amron\",\"lightBoxEnable\":1}<\/script>\n\t\t<\/div>\n\t\t<\/div><noscript><a href=\"https:\/\/rwmotos.com\/wp-content\/uploads\/2023\/10\/IMG_0671.jpg\"><img class=\"skip-lazy no-lazyload\" data-lazy-src=\"\" src =\"https:\/\/rwmotos.com\/wp-content\/uploads\/2023\/10\/IMG_0671.jpg\" width=\"1920\" height=\"1280\" title=\"IMG_0671\" alt=\"\" \/><\/a><a href=\"https:\/\/rwmotos.com\/wp-content\/uploads\/2023\/10\/IMG_0668-1.jpg\"><img class=\"skip-lazy no-lazyload\" data-lazy-src=\"\" src =\"https:\/\/rwmotos.com\/wp-content\/uploads\/2023\/10\/IMG_0668-1.jpg\" width=\"1920\" height=\"1280\" title=\"IMG_0668 (1)\" alt=\"\" \/><\/a><a href=\"https:\/\/rwmotos.com\/wp-content\/uploads\/2023\/10\/IMG_0666.jpg\"><img class=\"skip-lazy no-lazyload\" data-lazy-src=\"\" src =\"https:\/\/rwmotos.com\/wp-content\/uploads\/2023\/10\/IMG_0666.jpg\" width=\"1920\" height=\"1280\" title=\"IMG_0666\" alt=\"\" \/><\/a><a href=\"https:\/\/rwmotos.com\/wp-content\/uploads\/2023\/10\/IMG_0680.jpg\"><img class=\"skip-lazy no-lazyload\" data-lazy-src=\"\" src =\"https:\/\/rwmotos.com\/wp-content\/uploads\/2023\/10\/IMG_0680.jpg\" width=\"1920\" height=\"1280\" title=\"IMG_0680\" alt=\"\" \/><\/a><a href=\"https:\/\/rwmotos.com\/wp-content\/uploads\/2023\/10\/IMG_0665.jpg\"><img class=\"skip-lazy no-lazyload\" data-lazy-src=\"\" src =\"https:\/\/rwmotos.com\/wp-content\/uploads\/2023\/10\/IMG_0665.jpg\" width=\"1920\" height=\"1280\" title=\"IMG_0665\" alt=\"\" \/><\/a><a href=\"https:\/\/rwmotos.com\/wp-content\/uploads\/2023\/10\/IMG_0679.jpg\"><img class=\"skip-lazy no-lazyload\" data-lazy-src=\"\" src =\"https:\/\/rwmotos.com\/wp-content\/uploads\/2023\/10\/IMG_0679.jpg\" width=\"1920\" height=\"1280\" title=\"IMG_0679\" alt=\"\" \/><\/a><a href=\"https:\/\/rwmotos.com\/wp-content\/uploads\/2023\/10\/IMG_0669-1.jpg\"><img class=\"skip-lazy no-lazyload\" data-lazy-src=\"\" src =\"https:\/\/rwmotos.com\/wp-content\/uploads\/2023\/10\/IMG_0669-1.jpg\" width=\"1920\" height=\"1280\" title=\"IMG_0669 (1)\" alt=\"\" \/><\/a><a href=\"https:\/\/rwmotos.com\/wp-content\/uploads\/2023\/10\/IMG_0678.jpg\"><img class=\"skip-lazy no-lazyload\" data-lazy-src=\"\" src =\"https:\/\/rwmotos.com\/wp-content\/uploads\/2023\/10\/IMG_0678.jpg\" width=\"1920\" height=\"1280\" title=\"IMG_0678\" alt=\"\" \/><\/a><a href=\"https:\/\/rwmotos.com\/wp-content\/uploads\/2023\/10\/IMG_0677-1.jpg\"><img class=\"skip-lazy no-lazyload\" data-lazy-src=\"\" src =\"https:\/\/rwmotos.com\/wp-content\/uploads\/2023\/10\/IMG_0677-1.jpg\" width=\"1920\" height=\"1280\" title=\"IMG_0677 (1)\" alt=\"\" \/><\/a><a href=\"https:\/\/rwmotos.com\/wp-content\/uploads\/2023\/10\/IMG_0676.jpg\"><img class=\"skip-lazy no-lazyload\" data-lazy-src=\"\" src =\"https:\/\/rwmotos.com\/wp-content\/uploads\/2023\/10\/IMG_0676.jpg\" width=\"1920\" height=\"1280\" title=\"IMG_0676\" alt=\"\" \/><\/a><a href=\"https:\/\/rwmotos.com\/wp-content\/uploads\/2023\/10\/IMG_0675.jpg\"><img class=\"skip-lazy no-lazyload\" data-lazy-src=\"\" src =\"https:\/\/rwmotos.com\/wp-content\/uploads\/2023\/10\/IMG_0675.jpg\" width=\"1920\" height=\"1280\" title=\"IMG_0675\" alt=\"\" \/><\/a><a href=\"https:\/\/rwmotos.com\/wp-content\/uploads\/2023\/10\/IMG_0673.jpg\"><img class=\"skip-lazy no-lazyload\" data-lazy-src=\"\" src =\"https:\/\/rwmotos.com\/wp-content\/uploads\/2023\/10\/IMG_0673.jpg\" width=\"1920\" height=\"1280\" title=\"IMG_0673\" alt=\"\" \/><\/a><a href=\"https:\/\/rwmotos.com\/wp-content\/uploads\/2023\/10\/IMG_0672.jpg\"><img class=\"skip-lazy no-lazyload\" data-lazy-src=\"\" src =\"https:\/\/rwmotos.com\/wp-content\/uploads\/2023\/10\/IMG_0672.jpg\" width=\"1920\" height=\"1280\" title=\"IMG_0672\" alt=\"\" \/><\/a><a href=\"https:\/\/rwmotos.com\/wp-content\/uploads\/2023\/10\/IMG_0670.jpg\"><img class=\"skip-lazy no-lazyload\" data-lazy-src=\"\" src =\"https:\/\/rwmotos.com\/wp-content\/uploads\/2023\/10\/IMG_0670.jpg\" width=\"1920\" height=\"1280\" title=\"IMG_0670\" alt=\"\" \/><\/a><\/noscript>\n<\/div>","protected":false},"excerpt":{"rendered":"<div class=\"entry-content-stat post-content\"><p>Cidade:S\u00e3o Paulo &#8211; SP<br \/>\nAno:2022\/2023<br \/>\nMarchas:autom\u00e1tico<br \/>\nQuilometragem:5.000<br \/>\nTipo de motor:4 Tempos<br \/>\nCor:Verde-Verde<br \/>\nRefrigera\u00e7\u00e3o:l\u00edquida<br \/>\nEstilo:Scooter<br \/>\nCilindrada:250<br \/>\nPartida:el\u00e9trica<br \/>\nFreio dianteiro \/traseiro:disco\/disco<br \/>\nAlimenta\u00e7\u00e3o:Inje\u00e7\u00e3o Eletr\u00f4nica<\/p>\n<\/div>","protected":false},"featured_media":523,"comment_status":"open","ping_status":"closed","template":"","meta":[],"product_cat":[15],"product_tag":[],"_links":{"self":[{"href":"https:\/\/rwmotos.com\/index.php?rest_route=\/wp\/v2\/product\/526"}],"collection":[{"href":"https:\/\/rwmotos.com\/index.php?rest_route=\/wp\/v2\/product"}],"about":[{"href":"https:\/\/rwmotos.com\/index.php?rest_route=\/wp\/v2\/types\/product"}],"replies":[{"embeddable":true,"href":"https:\/\/rwmotos.com\/index.php?rest_route=%2Fwp%2Fv2%2Fcomments&post=526"}],"wp:featuredmedia":[{"embeddable":true,"href":"https:\/\/rwmotos.com\/index.php?rest_route=\/wp\/v2\/media\/523"}],"wp:attachment":[{"href":"https:\/\/rwmotos.com\/index.php?rest_route=%2Fwp%2Fv2%2Fmedia&parent=526"}],"wp:term":[{"taxonomy":"product_cat","embeddable":true,"href":"https:\/\/rwmotos.com\/index.php?rest_route=%2Fwp%2Fv2%2Fproduct_cat&post=526"},{"taxonomy":"product_tag","embeddable":true,"href":"https:\/\/rwmotos.com\/index.php?rest_route=%2Fwp%2Fv2%2Fproduct_tag&post=526"}],"curies":[{"name":"wp","href":"https:\/\/api.w.org\/{rel}","templated":true}]}}