{"id":245,"date":"2023-07-04T18:48:58","date_gmt":"2023-07-04T21:48:58","guid":{"rendered":"https:\/\/rwmotos.com\/?post_type=product&#038;p=245"},"modified":"2023-11-30T21:10:57","modified_gmt":"2023-12-01T00:10:57","slug":"yamaha-r1-2012-r-49-900","status":"publish","type":"product","link":"https:\/\/rwmotos.com\/?product=yamaha-r1-2012-r-49-900","title":{"rendered":"YAMAHA YZF R1-R$ 49.900,00"},"content":{"rendered":"<div class=\"post-content\"><div id=\"wg_246_17762364758519\" class=\"woowgallery-wrapper wg-id-246 type-woowgallery\" itemscope itemtype=\"http:\/\/schema.org\/ImageGallery\">\t\t<div class='woowgallery-amron'>\n\t\t\t<script type=\"application\/json\" class=\"wg-json-content\">[{\"type\":\"attachment\",\"subtype\":\"image\",\"status\":\"publish\",\"id\":\"251\",\"title_src\":\"title\",\"alt_src\":\"alt\",\"caption_src\":\"caption\",\"title\":\"IMG_5029\",\"alt\":\"\",\"caption\":\"\",\"link\":{\"text\":\"\",\"url\":\"\",\"target\":\"_self\"},\"tags\":[],\"author\":{\"id\":\"1\",\"name\":\"suporte@spybox.com.br\",\"url\":\"http:\\\/\\\/rwmotos.com\"},\"slug\":\"img_5029\",\"date\":\"2023-07-04T18:40:34\",\"src\":\"https:\\\/\\\/rwmotos.com\\\/?p=251\",\"original\":\"https:\\\/\\\/rwmotos.com\\\/wp-content\\\/uploads\\\/2023\\\/07\\\/IMG_5029-scaled.jpg\",\"comments\":{\"status\":\"open\",\"count\":\"0\"},\"copyright\":\"\",\"thumb\":[\"https:\\\/\\\/rwmotos.com\\\/wp-content\\\/uploads\\\/2023\\\/07\\\/IMG_5029-scaled-400x267.jpg\",400,267,true],\"image\":[\"https:\\\/\\\/rwmotos.com\\\/wp-content\\\/uploads\\\/2023\\\/07\\\/IMG_5029-scaled-2200x1467.jpg\",2200,1467,true],\"image_id\":251,\"resized\":true,\"file\":\"\\\/home\\\/u682471960\\\/domains\\\/rwmotos.com\\\/public_html\\\/wp-content\\\/uploads\\\/2023\\\/07\\\/IMG_5029-scaled.jpg\",\"meta\":[],\"tags_taxonomy\":\"media_tag\"},{\"type\":\"attachment\",\"subtype\":\"image\",\"status\":\"publish\",\"id\":\"247\",\"title_src\":\"title\",\"alt_src\":\"alt\",\"caption_src\":\"caption\",\"title\":\"IMG_5009\",\"alt\":\"\",\"caption\":\"\",\"link\":{\"text\":\"\",\"url\":\"\",\"target\":\"_self\"},\"tags\":[],\"author\":{\"id\":\"1\",\"name\":\"suporte@spybox.com.br\",\"url\":\"http:\\\/\\\/rwmotos.com\"},\"slug\":\"img_5009\",\"date\":\"2023-07-04T18:36:41\",\"src\":\"https:\\\/\\\/rwmotos.com\\\/?p=247\",\"original\":\"https:\\\/\\\/rwmotos.com\\\/wp-content\\\/uploads\\\/2023\\\/07\\\/IMG_5009-scaled.jpg\",\"comments\":{\"status\":\"open\",\"count\":\"0\"},\"copyright\":\"\",\"thumb\":[\"https:\\\/\\\/rwmotos.com\\\/wp-content\\\/uploads\\\/2023\\\/07\\\/IMG_5009-scaled-400x267.jpg\",400,267,true],\"image\":[\"https:\\\/\\\/rwmotos.com\\\/wp-content\\\/uploads\\\/2023\\\/07\\\/IMG_5009-scaled-2200x1467.jpg\",2200,1467,true],\"image_id\":247,\"resized\":true,\"file\":\"\\\/home\\\/u682471960\\\/domains\\\/rwmotos.com\\\/public_html\\\/wp-content\\\/uploads\\\/2023\\\/07\\\/IMG_5009-scaled.jpg\",\"meta\":[],\"tags_taxonomy\":\"media_tag\"},{\"type\":\"attachment\",\"subtype\":\"image\",\"status\":\"publish\",\"id\":\"248\",\"title_src\":\"title\",\"alt_src\":\"alt\",\"caption_src\":\"caption\",\"title\":\"IMG_5018\",\"alt\":\"\",\"caption\":\"\",\"link\":{\"text\":\"\",\"url\":\"\",\"target\":\"_self\"},\"tags\":[],\"author\":{\"id\":\"1\",\"name\":\"suporte@spybox.com.br\",\"url\":\"http:\\\/\\\/rwmotos.com\"},\"slug\":\"img_5018\",\"date\":\"2023-07-04T18:37:53\",\"src\":\"https:\\\/\\\/rwmotos.com\\\/?p=248\",\"original\":\"https:\\\/\\\/rwmotos.com\\\/wp-content\\\/uploads\\\/2023\\\/07\\\/IMG_5018-scaled.jpg\",\"comments\":{\"status\":\"open\",\"count\":\"0\"},\"copyright\":\"\",\"thumb\":[\"https:\\\/\\\/rwmotos.com\\\/wp-content\\\/uploads\\\/2023\\\/07\\\/IMG_5018-scaled-400x267.jpg\",400,267,true],\"image\":[\"https:\\\/\\\/rwmotos.com\\\/wp-content\\\/uploads\\\/2023\\\/07\\\/IMG_5018-scaled-2200x1467.jpg\",2200,1467,true],\"image_id\":248,\"resized\":true,\"file\":\"\\\/home\\\/u682471960\\\/domains\\\/rwmotos.com\\\/public_html\\\/wp-content\\\/uploads\\\/2023\\\/07\\\/IMG_5018-scaled.jpg\",\"meta\":[],\"tags_taxonomy\":\"media_tag\"},{\"type\":\"attachment\",\"subtype\":\"image\",\"status\":\"publish\",\"id\":\"249\",\"title_src\":\"title\",\"alt_src\":\"alt\",\"caption_src\":\"caption\",\"title\":\"IMG_5022\",\"alt\":\"\",\"caption\":\"\",\"link\":{\"text\":\"\",\"url\":\"\",\"target\":\"_self\"},\"tags\":[],\"author\":{\"id\":\"1\",\"name\":\"suporte@spybox.com.br\",\"url\":\"http:\\\/\\\/rwmotos.com\"},\"slug\":\"img_5022\",\"date\":\"2023-07-04T18:39:09\",\"src\":\"https:\\\/\\\/rwmotos.com\\\/?p=249\",\"original\":\"https:\\\/\\\/rwmotos.com\\\/wp-content\\\/uploads\\\/2023\\\/07\\\/IMG_5022-scaled.jpg\",\"comments\":{\"status\":\"open\",\"count\":\"0\"},\"copyright\":\"\",\"thumb\":[\"https:\\\/\\\/rwmotos.com\\\/wp-content\\\/uploads\\\/2023\\\/07\\\/IMG_5022-scaled-400x267.jpg\",400,267,true],\"image\":[\"https:\\\/\\\/rwmotos.com\\\/wp-content\\\/uploads\\\/2023\\\/07\\\/IMG_5022-scaled-2200x1467.jpg\",2200,1467,true],\"image_id\":249,\"resized\":true,\"file\":\"\\\/home\\\/u682471960\\\/domains\\\/rwmotos.com\\\/public_html\\\/wp-content\\\/uploads\\\/2023\\\/07\\\/IMG_5022-scaled.jpg\",\"meta\":[],\"tags_taxonomy\":\"media_tag\"},{\"type\":\"attachment\",\"subtype\":\"image\",\"status\":\"publish\",\"id\":\"250\",\"title_src\":\"title\",\"alt_src\":\"alt\",\"caption_src\":\"caption\",\"title\":\"IMG_5025\",\"alt\":\"\",\"caption\":\"\",\"link\":{\"text\":\"\",\"url\":\"\",\"target\":\"_self\"},\"tags\":[],\"author\":{\"id\":\"1\",\"name\":\"suporte@spybox.com.br\",\"url\":\"http:\\\/\\\/rwmotos.com\"},\"slug\":\"img_5025\",\"date\":\"2023-07-04T18:39:59\",\"src\":\"https:\\\/\\\/rwmotos.com\\\/?p=250\",\"original\":\"https:\\\/\\\/rwmotos.com\\\/wp-content\\\/uploads\\\/2023\\\/07\\\/IMG_5025-scaled.jpg\",\"comments\":{\"status\":\"open\",\"count\":\"0\"},\"copyright\":\"\",\"thumb\":[\"https:\\\/\\\/rwmotos.com\\\/wp-content\\\/uploads\\\/2023\\\/07\\\/IMG_5025-scaled-400x267.jpg\",400,267,true],\"image\":[\"https:\\\/\\\/rwmotos.com\\\/wp-content\\\/uploads\\\/2023\\\/07\\\/IMG_5025-scaled-2200x1467.jpg\",2200,1467,true],\"image_id\":250,\"resized\":true,\"file\":\"\\\/home\\\/u682471960\\\/domains\\\/rwmotos.com\\\/public_html\\\/wp-content\\\/uploads\\\/2023\\\/07\\\/IMG_5025-scaled.jpg\",\"meta\":[],\"tags_taxonomy\":\"media_tag\"},{\"type\":\"attachment\",\"subtype\":\"image\",\"status\":\"publish\",\"id\":\"252\",\"title_src\":\"title\",\"alt_src\":\"alt\",\"caption_src\":\"caption\",\"title\":\"IMG_5034\",\"alt\":\"\",\"caption\":\"\",\"link\":{\"text\":\"\",\"url\":\"\",\"target\":\"_self\"},\"tags\":[],\"author\":{\"id\":\"1\",\"name\":\"suporte@spybox.com.br\",\"url\":\"http:\\\/\\\/rwmotos.com\"},\"slug\":\"img_5034\",\"date\":\"2023-07-04T18:41:05\",\"src\":\"https:\\\/\\\/rwmotos.com\\\/?p=252\",\"original\":\"https:\\\/\\\/rwmotos.com\\\/wp-content\\\/uploads\\\/2023\\\/07\\\/IMG_5034-scaled.jpg\",\"comments\":{\"status\":\"open\",\"count\":\"0\"},\"copyright\":\"\",\"thumb\":[\"https:\\\/\\\/rwmotos.com\\\/wp-content\\\/uploads\\\/2023\\\/07\\\/IMG_5034-scaled-400x267.jpg\",400,267,true],\"image\":[\"https:\\\/\\\/rwmotos.com\\\/wp-content\\\/uploads\\\/2023\\\/07\\\/IMG_5034-scaled-2200x1467.jpg\",2200,1467,true],\"image_id\":252,\"resized\":true,\"file\":\"\\\/home\\\/u682471960\\\/domains\\\/rwmotos.com\\\/public_html\\\/wp-content\\\/uploads\\\/2023\\\/07\\\/IMG_5034-scaled.jpg\",\"meta\":[],\"tags_taxonomy\":\"media_tag\"},{\"type\":\"attachment\",\"subtype\":\"image\",\"status\":\"publish\",\"id\":\"253\",\"title_src\":\"title\",\"alt_src\":\"alt\",\"caption_src\":\"caption\",\"title\":\"IMG_5038\",\"alt\":\"\",\"caption\":\"\",\"link\":{\"text\":\"\",\"url\":\"\",\"target\":\"_self\"},\"tags\":[],\"author\":{\"id\":\"1\",\"name\":\"suporte@spybox.com.br\",\"url\":\"http:\\\/\\\/rwmotos.com\"},\"slug\":\"img_5038\",\"date\":\"2023-07-04T18:41:34\",\"src\":\"https:\\\/\\\/rwmotos.com\\\/?p=253\",\"original\":\"https:\\\/\\\/rwmotos.com\\\/wp-content\\\/uploads\\\/2023\\\/07\\\/IMG_5038-scaled.jpg\",\"comments\":{\"status\":\"open\",\"count\":\"0\"},\"copyright\":\"\",\"thumb\":[\"https:\\\/\\\/rwmotos.com\\\/wp-content\\\/uploads\\\/2023\\\/07\\\/IMG_5038-scaled-400x267.jpg\",400,267,true],\"image\":[\"https:\\\/\\\/rwmotos.com\\\/wp-content\\\/uploads\\\/2023\\\/07\\\/IMG_5038-scaled-2200x1467.jpg\",2200,1467,true],\"image_id\":253,\"resized\":true,\"file\":\"\\\/home\\\/u682471960\\\/domains\\\/rwmotos.com\\\/public_html\\\/wp-content\\\/uploads\\\/2023\\\/07\\\/IMG_5038-scaled.jpg\",\"meta\":[],\"tags_taxonomy\":\"media_tag\"},{\"type\":\"attachment\",\"subtype\":\"image\",\"status\":\"publish\",\"id\":\"254\",\"title_src\":\"title\",\"alt_src\":\"alt\",\"caption_src\":\"caption\",\"title\":\"IMG_5043\",\"alt\":\"\",\"caption\":\"\",\"link\":{\"text\":\"\",\"url\":\"\",\"target\":\"_self\"},\"tags\":[],\"author\":{\"id\":\"1\",\"name\":\"suporte@spybox.com.br\",\"url\":\"http:\\\/\\\/rwmotos.com\"},\"slug\":\"img_5043\",\"date\":\"2023-07-04T18:42:13\",\"src\":\"https:\\\/\\\/rwmotos.com\\\/?p=254\",\"original\":\"https:\\\/\\\/rwmotos.com\\\/wp-content\\\/uploads\\\/2023\\\/07\\\/IMG_5043-scaled.jpg\",\"comments\":{\"status\":\"open\",\"count\":\"0\"},\"copyright\":\"\",\"thumb\":[\"https:\\\/\\\/rwmotos.com\\\/wp-content\\\/uploads\\\/2023\\\/07\\\/IMG_5043-scaled-400x267.jpg\",400,267,true],\"image\":[\"https:\\\/\\\/rwmotos.com\\\/wp-content\\\/uploads\\\/2023\\\/07\\\/IMG_5043-scaled-2200x1467.jpg\",2200,1467,true],\"image_id\":254,\"resized\":true,\"file\":\"\\\/home\\\/u682471960\\\/domains\\\/rwmotos.com\\\/public_html\\\/wp-content\\\/uploads\\\/2023\\\/07\\\/IMG_5043-scaled.jpg\",\"meta\":[],\"tags_taxonomy\":\"media_tag\"},{\"type\":\"attachment\",\"subtype\":\"image\",\"status\":\"publish\",\"id\":\"255\",\"title_src\":\"title\",\"alt_src\":\"alt\",\"caption_src\":\"caption\",\"title\":\"IMG_5045\",\"alt\":\"\",\"caption\":\"\",\"link\":{\"text\":\"\",\"url\":\"\",\"target\":\"_self\"},\"tags\":[],\"author\":{\"id\":\"1\",\"name\":\"suporte@spybox.com.br\",\"url\":\"http:\\\/\\\/rwmotos.com\"},\"slug\":\"img_5045\",\"date\":\"2023-07-04T18:42:49\",\"src\":\"https:\\\/\\\/rwmotos.com\\\/?p=255\",\"original\":\"https:\\\/\\\/rwmotos.com\\\/wp-content\\\/uploads\\\/2023\\\/07\\\/IMG_5045-scaled.jpg\",\"comments\":{\"status\":\"open\",\"count\":\"0\"},\"copyright\":\"\",\"thumb\":[\"https:\\\/\\\/rwmotos.com\\\/wp-content\\\/uploads\\\/2023\\\/07\\\/IMG_5045-scaled-400x267.jpg\",400,267,true],\"image\":[\"https:\\\/\\\/rwmotos.com\\\/wp-content\\\/uploads\\\/2023\\\/07\\\/IMG_5045-scaled-2200x1467.jpg\",2200,1467,true],\"image_id\":255,\"resized\":true,\"file\":\"\\\/home\\\/u682471960\\\/domains\\\/rwmotos.com\\\/public_html\\\/wp-content\\\/uploads\\\/2023\\\/07\\\/IMG_5045-scaled.jpg\",\"meta\":[],\"tags_taxonomy\":\"media_tag\"},{\"type\":\"attachment\",\"subtype\":\"image\",\"status\":\"publish\",\"id\":\"256\",\"title_src\":\"title\",\"alt_src\":\"alt\",\"caption_src\":\"caption\",\"title\":\"IMG_5046\",\"alt\":\"\",\"caption\":\"\",\"link\":{\"text\":\"\",\"url\":\"\",\"target\":\"_self\"},\"tags\":[],\"author\":{\"id\":\"1\",\"name\":\"suporte@spybox.com.br\",\"url\":\"http:\\\/\\\/rwmotos.com\"},\"slug\":\"img_5046\",\"date\":\"2023-07-04T18:43:22\",\"src\":\"https:\\\/\\\/rwmotos.com\\\/?p=256\",\"original\":\"https:\\\/\\\/rwmotos.com\\\/wp-content\\\/uploads\\\/2023\\\/07\\\/IMG_5046-scaled.jpg\",\"comments\":{\"status\":\"open\",\"count\":\"0\"},\"copyright\":\"\",\"thumb\":[\"https:\\\/\\\/rwmotos.com\\\/wp-content\\\/uploads\\\/2023\\\/07\\\/IMG_5046-scaled-400x267.jpg\",400,267,true],\"image\":[\"https:\\\/\\\/rwmotos.com\\\/wp-content\\\/uploads\\\/2023\\\/07\\\/IMG_5046-scaled-2200x1467.jpg\",2200,1467,true],\"image_id\":256,\"resized\":true,\"file\":\"\\\/home\\\/u682471960\\\/domains\\\/rwmotos.com\\\/public_html\\\/wp-content\\\/uploads\\\/2023\\\/07\\\/IMG_5046-scaled.jpg\",\"meta\":[],\"tags_taxonomy\":\"media_tag\"},{\"type\":\"attachment\",\"subtype\":\"image\",\"status\":\"publish\",\"id\":\"257\",\"title_src\":\"title\",\"alt_src\":\"alt\",\"caption_src\":\"caption\",\"title\":\"IMG_5048\",\"alt\":\"\",\"caption\":\"\",\"link\":{\"text\":\"\",\"url\":\"\",\"target\":\"_self\"},\"tags\":[],\"author\":{\"id\":\"1\",\"name\":\"suporte@spybox.com.br\",\"url\":\"http:\\\/\\\/rwmotos.com\"},\"slug\":\"img_5048\",\"date\":\"2023-07-04T18:43:59\",\"src\":\"https:\\\/\\\/rwmotos.com\\\/?p=257\",\"original\":\"https:\\\/\\\/rwmotos.com\\\/wp-content\\\/uploads\\\/2023\\\/07\\\/IMG_5048-scaled.jpg\",\"comments\":{\"status\":\"open\",\"count\":\"0\"},\"copyright\":\"\",\"thumb\":[\"https:\\\/\\\/rwmotos.com\\\/wp-content\\\/uploads\\\/2023\\\/07\\\/IMG_5048-scaled-400x267.jpg\",400,267,true],\"image\":[\"https:\\\/\\\/rwmotos.com\\\/wp-content\\\/uploads\\\/2023\\\/07\\\/IMG_5048-scaled-2200x1467.jpg\",2200,1467,true],\"image_id\":257,\"resized\":true,\"file\":\"\\\/home\\\/u682471960\\\/domains\\\/rwmotos.com\\\/public_html\\\/wp-content\\\/uploads\\\/2023\\\/07\\\/IMG_5048-scaled.jpg\",\"meta\":[],\"tags_taxonomy\":\"media_tag\"},{\"type\":\"attachment\",\"subtype\":\"image\",\"status\":\"publish\",\"id\":\"258\",\"title_src\":\"title\",\"alt_src\":\"alt\",\"caption_src\":\"caption\",\"title\":\"IMG_5050\",\"alt\":\"\",\"caption\":\"\",\"link\":{\"text\":\"\",\"url\":\"\",\"target\":\"_self\"},\"tags\":[],\"author\":{\"id\":\"1\",\"name\":\"suporte@spybox.com.br\",\"url\":\"http:\\\/\\\/rwmotos.com\"},\"slug\":\"img_5050\",\"date\":\"2023-07-04T18:44:40\",\"src\":\"https:\\\/\\\/rwmotos.com\\\/?p=258\",\"original\":\"https:\\\/\\\/rwmotos.com\\\/wp-content\\\/uploads\\\/2023\\\/07\\\/IMG_5050-scaled.jpg\",\"comments\":{\"status\":\"open\",\"count\":\"0\"},\"copyright\":\"\",\"thumb\":[\"https:\\\/\\\/rwmotos.com\\\/wp-content\\\/uploads\\\/2023\\\/07\\\/IMG_5050-scaled-400x267.jpg\",400,267,true],\"image\":[\"https:\\\/\\\/rwmotos.com\\\/wp-content\\\/uploads\\\/2023\\\/07\\\/IMG_5050-scaled-2200x1467.jpg\",2200,1467,true],\"image_id\":258,\"resized\":true,\"file\":\"\\\/home\\\/u682471960\\\/domains\\\/rwmotos.com\\\/public_html\\\/wp-content\\\/uploads\\\/2023\\\/07\\\/IMG_5050-scaled.jpg\",\"meta\":[],\"tags_taxonomy\":\"media_tag\"},{\"type\":\"attachment\",\"subtype\":\"image\",\"status\":\"publish\",\"id\":\"259\",\"title_src\":\"title\",\"alt_src\":\"alt\",\"caption_src\":\"caption\",\"title\":\"IMG_5060\",\"alt\":\"\",\"caption\":\"\",\"link\":{\"text\":\"\",\"url\":\"\",\"target\":\"_self\"},\"tags\":[],\"author\":{\"id\":\"1\",\"name\":\"suporte@spybox.com.br\",\"url\":\"http:\\\/\\\/rwmotos.com\"},\"slug\":\"img_5060\",\"date\":\"2023-07-04T18:45:18\",\"src\":\"https:\\\/\\\/rwmotos.com\\\/?p=259\",\"original\":\"https:\\\/\\\/rwmotos.com\\\/wp-content\\\/uploads\\\/2023\\\/07\\\/IMG_5060-scaled.jpg\",\"comments\":{\"status\":\"open\",\"count\":\"0\"},\"copyright\":\"\",\"thumb\":[\"https:\\\/\\\/rwmotos.com\\\/wp-content\\\/uploads\\\/2023\\\/07\\\/IMG_5060-scaled-400x267.jpg\",400,267,true],\"image\":[\"https:\\\/\\\/rwmotos.com\\\/wp-content\\\/uploads\\\/2023\\\/07\\\/IMG_5060-scaled-2200x1467.jpg\",2200,1467,true],\"image_id\":259,\"resized\":true,\"file\":\"\\\/home\\\/u682471960\\\/domains\\\/rwmotos.com\\\/public_html\\\/wp-content\\\/uploads\\\/2023\\\/07\\\/IMG_5060-scaled.jpg\",\"meta\":[],\"tags_taxonomy\":\"media_tag\"},{\"type\":\"attachment\",\"subtype\":\"image\",\"status\":\"publish\",\"id\":\"260\",\"title_src\":\"title\",\"alt_src\":\"alt\",\"caption_src\":\"caption\",\"title\":\"IMG_5068\",\"alt\":\"\",\"caption\":\"\",\"link\":{\"text\":\"\",\"url\":\"\",\"target\":\"_self\"},\"tags\":[],\"author\":{\"id\":\"1\",\"name\":\"suporte@spybox.com.br\",\"url\":\"http:\\\/\\\/rwmotos.com\"},\"slug\":\"img_5068\",\"date\":\"2023-07-04T18:45:42\",\"src\":\"https:\\\/\\\/rwmotos.com\\\/?p=260\",\"original\":\"https:\\\/\\\/rwmotos.com\\\/wp-content\\\/uploads\\\/2023\\\/07\\\/IMG_5068-scaled.jpg\",\"comments\":{\"status\":\"open\",\"count\":\"0\"},\"copyright\":\"\",\"thumb\":[\"https:\\\/\\\/rwmotos.com\\\/wp-content\\\/uploads\\\/2023\\\/07\\\/IMG_5068-scaled-400x267.jpg\",400,267,true],\"image\":[\"https:\\\/\\\/rwmotos.com\\\/wp-content\\\/uploads\\\/2023\\\/07\\\/IMG_5068-scaled-2200x1467.jpg\",2200,1467,true],\"image_id\":260,\"resized\":true,\"file\":\"\\\/home\\\/u682471960\\\/domains\\\/rwmotos.com\\\/public_html\\\/wp-content\\\/uploads\\\/2023\\\/07\\\/IMG_5068-scaled.jpg\",\"meta\":[],\"tags_taxonomy\":\"media_tag\"}]<\/script>\n\t\t\t<script type=\"application\/json\" class=\"wg-json-settings\">{\"copyR_Protection\":1,\"copyR_Alert\":\"Hello, this photo is mine!\",\"sliderScrollNavi\":1,\"sliderNextPrevAnimation\":\"animation\",\"sliderBgColor\":\"rgba(0,0,0,0.9)\",\"sliderPreloaderColor\":\"rgba(255,255,255,1)\",\"sliderHeaderFooterBgColor\":\"rgba(0,0,0,0.4)\",\"sliderNavigationColor\":\"rgba(0,0,0,1)\",\"sliderNavigationColorOver\":\"rgba(255,255,255,1)\",\"sliderNavigationIconColor\":\"rgba(255,255,255,1)\",\"sliderNavigationIconColorOver\":\"rgba(0,0,0,1)\",\"sliderItemTitleEnable\":0,\"sliderItemTitleFontSize\":18,\"sliderItemTitleTextColor\":\"rgba(255,255,255,1)\",\"sliderItemDescriptionEnable\":0,\"sliderItemDescriptionFontSize\":16,\"sliderItemDescriptionTextColor\":\"rgba(255,255,255,0.8)\",\"infoBarExifEnable\":0,\"sliderThumbBarEnable\":1,\"sliderThumbBarHoverColor\":\"rgba(255,255,255,1)\",\"sliderPlayButton\":1,\"slideshowDelay\":8,\"slideshowProgressBarColor\":\"rgba(255,255,255,1)\",\"slideshowProgressBarBGColor\":\"rgba(255,255,255,0.6)\",\"sliderZoomButton\":1,\"sliderSocialShareEnabled\":1,\"sliderFullScreen\":1,\"sliderThumbSubMenuBackgroundColor\":\"rgba(0, 0, 0, 0)\",\"sliderThumbSubMenuIconColor\":\"rgba(255, 255, 255, 1)\",\"sliderThumbSubMenuBackgroundColorOver\":\"rgba(255, 255, 255, 1)\",\"sliderThumbSubMenuIconHoverColor\":\"rgba(0, 0, 0, 1)\",\"__lightbox\":\"woowlightbox\",\"collectionPreloaderColor\":\"rgba(180,180,180,1)\",\"collectionBgColor\":\"rgba(255,255,255,0)\",\"collectionThumbColumns\":3,\"collectionThumbRecomendedWidth\":200,\"thumbSpacing\":10,\"tagsFilter\":1,\"tagCloudAll\":\"All\",\"tagCloudTextColor\":\"rgba(0,0,0,1)\",\"tagCloudBgColor\":\"rgba(180,180,180,1)\",\"collectionThumbHoverColor\":\"rgba(0,0,0,0.5)\",\"collectionThumbTitleShow\":0,\"collectionThumbTitleColor\":\"rgba(0,0,0,1)\",\"collectionThumbFontSize\":18,\"collectionThumbDescriptionShow\":0,\"collectionThumbContentBGColor\":\"rgba(220,220,220,1)\",\"collectionThumbDescriptionColor\":\"rgba(0,0,0,1)\",\"collectionThumbDescriptionFontSize\":15,\"collectionReadMoreButtonShow\":1,\"collectionReadMoreButtonLabel\":\"Read More\",\"collectionReadMoreButtonFontSize\":12,\"collectionReadMoreButtonBGColor\":\"rgba(0,0,0,1)\",\"collectionReadMoreButtonBGColorHover\":\"rgba(180,180,180,1)\",\"collectionReadMoreButtonLabelColor\":\"rgba(255,255,255,1)\",\"collectionReadMoreButtonLabelColorHover\":\"rgba(0,0,0,1)\",\"shareBarBgColor\":\"rgba(0,0,0,0.9)\",\"shareBarIconColor\":\"rgba(255,255,255,1)\",\"shareBarFacebook\":1,\"shareBarTwitter\":1,\"shareBarPinterest\":1,\"shareBarDownload\":1,\"__skin\":\"amron\",\"lightBoxEnable\":1}<\/script>\n\t\t<\/div>\n\t\t<\/div><noscript><a href=\"https:\/\/rwmotos.com\/wp-content\/uploads\/2023\/07\/IMG_5029-scaled.jpg\"><img class=\"skip-lazy no-lazyload\" data-lazy-src=\"\" src =\"https:\/\/rwmotos.com\/wp-content\/uploads\/2023\/07\/IMG_5029-scaled-2200x1467.jpg\" width=\"2200\" height=\"1467\" title=\"IMG_5029\" alt=\"\" \/><\/a><a href=\"https:\/\/rwmotos.com\/wp-content\/uploads\/2023\/07\/IMG_5009-scaled.jpg\"><img class=\"skip-lazy no-lazyload\" data-lazy-src=\"\" src =\"https:\/\/rwmotos.com\/wp-content\/uploads\/2023\/07\/IMG_5009-scaled-2200x1467.jpg\" width=\"2200\" height=\"1467\" title=\"IMG_5009\" alt=\"\" \/><\/a><a href=\"https:\/\/rwmotos.com\/wp-content\/uploads\/2023\/07\/IMG_5018-scaled.jpg\"><img class=\"skip-lazy no-lazyload\" data-lazy-src=\"\" src =\"https:\/\/rwmotos.com\/wp-content\/uploads\/2023\/07\/IMG_5018-scaled-2200x1467.jpg\" width=\"2200\" height=\"1467\" title=\"IMG_5018\" alt=\"\" \/><\/a><a href=\"https:\/\/rwmotos.com\/wp-content\/uploads\/2023\/07\/IMG_5022-scaled.jpg\"><img class=\"skip-lazy no-lazyload\" data-lazy-src=\"\" src =\"https:\/\/rwmotos.com\/wp-content\/uploads\/2023\/07\/IMG_5022-scaled-2200x1467.jpg\" width=\"2200\" height=\"1467\" title=\"IMG_5022\" alt=\"\" \/><\/a><a href=\"https:\/\/rwmotos.com\/wp-content\/uploads\/2023\/07\/IMG_5025-scaled.jpg\"><img class=\"skip-lazy no-lazyload\" data-lazy-src=\"\" src =\"https:\/\/rwmotos.com\/wp-content\/uploads\/2023\/07\/IMG_5025-scaled-2200x1467.jpg\" width=\"2200\" height=\"1467\" title=\"IMG_5025\" alt=\"\" \/><\/a><a href=\"https:\/\/rwmotos.com\/wp-content\/uploads\/2023\/07\/IMG_5034-scaled.jpg\"><img class=\"skip-lazy no-lazyload\" data-lazy-src=\"\" src =\"https:\/\/rwmotos.com\/wp-content\/uploads\/2023\/07\/IMG_5034-scaled-2200x1467.jpg\" width=\"2200\" height=\"1467\" title=\"IMG_5034\" alt=\"\" \/><\/a><a href=\"https:\/\/rwmotos.com\/wp-content\/uploads\/2023\/07\/IMG_5038-scaled.jpg\"><img class=\"skip-lazy no-lazyload\" data-lazy-src=\"\" src =\"https:\/\/rwmotos.com\/wp-content\/uploads\/2023\/07\/IMG_5038-scaled-2200x1467.jpg\" width=\"2200\" height=\"1467\" title=\"IMG_5038\" alt=\"\" \/><\/a><a href=\"https:\/\/rwmotos.com\/wp-content\/uploads\/2023\/07\/IMG_5043-scaled.jpg\"><img class=\"skip-lazy no-lazyload\" data-lazy-src=\"\" src =\"https:\/\/rwmotos.com\/wp-content\/uploads\/2023\/07\/IMG_5043-scaled-2200x1467.jpg\" width=\"2200\" height=\"1467\" title=\"IMG_5043\" alt=\"\" \/><\/a><a href=\"https:\/\/rwmotos.com\/wp-content\/uploads\/2023\/07\/IMG_5045-scaled.jpg\"><img class=\"skip-lazy no-lazyload\" data-lazy-src=\"\" src =\"https:\/\/rwmotos.com\/wp-content\/uploads\/2023\/07\/IMG_5045-scaled-2200x1467.jpg\" width=\"2200\" height=\"1467\" title=\"IMG_5045\" alt=\"\" \/><\/a><a href=\"https:\/\/rwmotos.com\/wp-content\/uploads\/2023\/07\/IMG_5046-scaled.jpg\"><img class=\"skip-lazy no-lazyload\" data-lazy-src=\"\" src =\"https:\/\/rwmotos.com\/wp-content\/uploads\/2023\/07\/IMG_5046-scaled-2200x1467.jpg\" width=\"2200\" height=\"1467\" title=\"IMG_5046\" alt=\"\" \/><\/a><a href=\"https:\/\/rwmotos.com\/wp-content\/uploads\/2023\/07\/IMG_5048-scaled.jpg\"><img class=\"skip-lazy no-lazyload\" data-lazy-src=\"\" src =\"https:\/\/rwmotos.com\/wp-content\/uploads\/2023\/07\/IMG_5048-scaled-2200x1467.jpg\" width=\"2200\" height=\"1467\" title=\"IMG_5048\" alt=\"\" \/><\/a><a href=\"https:\/\/rwmotos.com\/wp-content\/uploads\/2023\/07\/IMG_5050-scaled.jpg\"><img class=\"skip-lazy no-lazyload\" data-lazy-src=\"\" src =\"https:\/\/rwmotos.com\/wp-content\/uploads\/2023\/07\/IMG_5050-scaled-2200x1467.jpg\" width=\"2200\" height=\"1467\" title=\"IMG_5050\" alt=\"\" \/><\/a><a href=\"https:\/\/rwmotos.com\/wp-content\/uploads\/2023\/07\/IMG_5060-scaled.jpg\"><img class=\"skip-lazy no-lazyload\" data-lazy-src=\"\" src =\"https:\/\/rwmotos.com\/wp-content\/uploads\/2023\/07\/IMG_5060-scaled-2200x1467.jpg\" width=\"2200\" height=\"1467\" title=\"IMG_5060\" alt=\"\" \/><\/a><a href=\"https:\/\/rwmotos.com\/wp-content\/uploads\/2023\/07\/IMG_5068-scaled.jpg\"><img class=\"skip-lazy no-lazyload\" data-lazy-src=\"\" src =\"https:\/\/rwmotos.com\/wp-content\/uploads\/2023\/07\/IMG_5068-scaled-2200x1467.jpg\" width=\"2200\" height=\"1467\" title=\"IMG_5068\" alt=\"\" \/><\/a><\/noscript>\n<\/div>","protected":false},"excerpt":{"rendered":"<div class=\"entry-content-stat post-content\"><p>Cidade: S\u00e3o Paulo &#8211; SP<br \/>\nAno: 2011\/2012<br \/>\nMarchas: 6<br \/>\nQuilometragem: 34.400<br \/>\nTipo de motor: 4 Tempos<br \/>\nCor: Azul-Azul<br \/>\nRefrigera\u00e7\u00e3o: l\u00edquida<br \/>\nEstilo: Esportiva<br \/>\nCilindrada: 1000<br \/>\nPartida: el\u00e9trica<br \/>\nFreio dianteiro \/traseiro: disco\/disco<br \/>\nAlimenta\u00e7\u00e3o: Inje\u00e7\u00e3o Eletr\u00f4nica<\/p>\n<\/div>","protected":false},"featured_media":251,"comment_status":"open","ping_status":"closed","template":"","meta":[],"product_cat":[24],"product_tag":[],"_links":{"self":[{"href":"https:\/\/rwmotos.com\/index.php?rest_route=\/wp\/v2\/product\/245"}],"collection":[{"href":"https:\/\/rwmotos.com\/index.php?rest_route=\/wp\/v2\/product"}],"about":[{"href":"https:\/\/rwmotos.com\/index.php?rest_route=\/wp\/v2\/types\/product"}],"replies":[{"embeddable":true,"href":"https:\/\/rwmotos.com\/index.php?rest_route=%2Fwp%2Fv2%2Fcomments&post=245"}],"wp:featuredmedia":[{"embeddable":true,"href":"https:\/\/rwmotos.com\/index.php?rest_route=\/wp\/v2\/media\/251"}],"wp:attachment":[{"href":"https:\/\/rwmotos.com\/index.php?rest_route=%2Fwp%2Fv2%2Fmedia&parent=245"}],"wp:term":[{"taxonomy":"product_cat","embeddable":true,"href":"https:\/\/rwmotos.com\/index.php?rest_route=%2Fwp%2Fv2%2Fproduct_cat&post=245"},{"taxonomy":"product_tag","embeddable":true,"href":"https:\/\/rwmotos.com\/index.php?rest_route=%2Fwp%2Fv2%2Fproduct_tag&post=245"}],"curies":[{"name":"wp","href":"https:\/\/api.w.org\/{rel}","templated":true}]}}