{"id":1436,"date":"2024-08-21T15:48:36","date_gmt":"2024-08-21T18:48:36","guid":{"rendered":"https:\/\/rwmotos.com\/?post_type=product&#038;p=1436"},"modified":"2024-08-21T15:49:22","modified_gmt":"2024-08-21T18:49:22","slug":"honda-cg-150-titan-mix-esd-r-10-90000","status":"publish","type":"product","link":"https:\/\/rwmotos.com\/?product=honda-cg-150-titan-mix-esd-r-10-90000","title":{"rendered":"HONDA CG 150 TITAN MIX ESD-R$: 10.900,00"},"content":{"rendered":"<div class=\"post-content\"><div id=\"wg_1425_17762306762613\" class=\"woowgallery-wrapper wg-id-1425 type-woowgallery\" itemscope itemtype=\"http:\/\/schema.org\/ImageGallery\">\t\t<div class='woowgallery-amron'>\n\t\t\t<script type=\"application\/json\" class=\"wg-json-content\">[{\"type\":\"attachment\",\"subtype\":\"image\",\"status\":\"publish\",\"id\":\"1428\",\"title_src\":\"title\",\"alt_src\":\"alt\",\"caption_src\":\"caption\",\"title\":\"honda-cg-150-titan-mix-esd-wmimagem13174741412\",\"alt\":\"\",\"caption\":\"\",\"link\":{\"text\":\"\",\"url\":\"\",\"target\":\"_self\"},\"tags\":[],\"author\":{\"id\":\"1\",\"name\":\"suporte@spybox.com.br\",\"url\":\"http:\\\/\\\/rwmotos.com\"},\"slug\":\"honda-cg-150-titan-mix-esd-wmimagem13174741412\",\"date\":\"2024-08-21T15:43:11\",\"src\":\"https:\\\/\\\/rwmotos.com\\\/?p=1428\",\"original\":\"https:\\\/\\\/rwmotos.com\\\/wp-content\\\/uploads\\\/2024\\\/08\\\/honda-cg-150-titan-mix-esd-wmimagem13174741412.webp\",\"comments\":{\"status\":\"open\",\"count\":\"0\"},\"copyright\":\"\",\"thumb\":[\"https:\\\/\\\/rwmotos.com\\\/wp-content\\\/uploads\\\/2024\\\/08\\\/honda-cg-150-titan-mix-esd-wmimagem13174741412-400x300.webp\",400,300,true],\"image\":[\"https:\\\/\\\/rwmotos.com\\\/wp-content\\\/uploads\\\/2024\\\/08\\\/honda-cg-150-titan-mix-esd-wmimagem13174741412.webp\",1920,1440,false],\"image_id\":1428,\"resized\":true,\"file\":\"\\\/home\\\/u682471960\\\/domains\\\/rwmotos.com\\\/public_html\\\/wp-content\\\/uploads\\\/2024\\\/08\\\/honda-cg-150-titan-mix-esd-wmimagem13174741412.webp\",\"meta\":[],\"tags_taxonomy\":\"media_tag\"},{\"type\":\"attachment\",\"subtype\":\"image\",\"status\":\"publish\",\"id\":\"1435\",\"title_src\":\"title\",\"alt_src\":\"alt\",\"caption_src\":\"caption\",\"title\":\"honda-cg-150-titan-mix-esd-wmimagem13174621218\",\"alt\":\"\",\"caption\":\"\",\"link\":{\"text\":\"\",\"url\":\"\",\"target\":\"_self\"},\"tags\":[],\"author\":{\"id\":\"1\",\"name\":\"suporte@spybox.com.br\",\"url\":\"http:\\\/\\\/rwmotos.com\"},\"slug\":\"honda-cg-150-titan-mix-esd-wmimagem13174621218\",\"date\":\"2024-08-21T15:43:23\",\"src\":\"https:\\\/\\\/rwmotos.com\\\/?p=1435\",\"original\":\"https:\\\/\\\/rwmotos.com\\\/wp-content\\\/uploads\\\/2024\\\/08\\\/honda-cg-150-titan-mix-esd-wmimagem13174621218.webp\",\"comments\":{\"status\":\"open\",\"count\":\"0\"},\"copyright\":\"\",\"thumb\":[\"https:\\\/\\\/rwmotos.com\\\/wp-content\\\/uploads\\\/2024\\\/08\\\/honda-cg-150-titan-mix-esd-wmimagem13174621218-400x300.webp\",400,300,true],\"image\":[\"https:\\\/\\\/rwmotos.com\\\/wp-content\\\/uploads\\\/2024\\\/08\\\/honda-cg-150-titan-mix-esd-wmimagem13174621218.webp\",1920,1440,false],\"image_id\":1435,\"resized\":true,\"file\":\"\\\/home\\\/u682471960\\\/domains\\\/rwmotos.com\\\/public_html\\\/wp-content\\\/uploads\\\/2024\\\/08\\\/honda-cg-150-titan-mix-esd-wmimagem13174621218.webp\",\"meta\":[],\"tags_taxonomy\":\"media_tag\"},{\"type\":\"attachment\",\"subtype\":\"image\",\"status\":\"publish\",\"id\":\"1433\",\"title_src\":\"title\",\"alt_src\":\"alt\",\"caption_src\":\"caption\",\"title\":\"honda-cg-150-titan-mix-esd-wmimagem13174653810\",\"alt\":\"\",\"caption\":\"\",\"link\":{\"text\":\"\",\"url\":\"\",\"target\":\"_self\"},\"tags\":[],\"author\":{\"id\":\"1\",\"name\":\"suporte@spybox.com.br\",\"url\":\"http:\\\/\\\/rwmotos.com\"},\"slug\":\"honda-cg-150-titan-mix-esd-wmimagem13174653810\",\"date\":\"2024-08-21T15:43:19\",\"src\":\"https:\\\/\\\/rwmotos.com\\\/?p=1433\",\"original\":\"https:\\\/\\\/rwmotos.com\\\/wp-content\\\/uploads\\\/2024\\\/08\\\/honda-cg-150-titan-mix-esd-wmimagem13174653810.webp\",\"comments\":{\"status\":\"open\",\"count\":\"0\"},\"copyright\":\"\",\"thumb\":[\"https:\\\/\\\/rwmotos.com\\\/wp-content\\\/uploads\\\/2024\\\/08\\\/honda-cg-150-titan-mix-esd-wmimagem13174653810-400x300.webp\",400,300,true],\"image\":[\"https:\\\/\\\/rwmotos.com\\\/wp-content\\\/uploads\\\/2024\\\/08\\\/honda-cg-150-titan-mix-esd-wmimagem13174653810.webp\",1920,1440,false],\"image_id\":1433,\"resized\":true,\"file\":\"\\\/home\\\/u682471960\\\/domains\\\/rwmotos.com\\\/public_html\\\/wp-content\\\/uploads\\\/2024\\\/08\\\/honda-cg-150-titan-mix-esd-wmimagem13174653810.webp\",\"meta\":[],\"tags_taxonomy\":\"media_tag\"},{\"type\":\"attachment\",\"subtype\":\"image\",\"status\":\"publish\",\"id\":\"1427\",\"title_src\":\"title\",\"alt_src\":\"alt\",\"caption_src\":\"caption\",\"title\":\"honda-cg-150-titan-mix-esd-wmimagem13174760936\",\"alt\":\"\",\"caption\":\"\",\"link\":{\"text\":\"\",\"url\":\"\",\"target\":\"_self\"},\"tags\":[],\"author\":{\"id\":\"1\",\"name\":\"suporte@spybox.com.br\",\"url\":\"http:\\\/\\\/rwmotos.com\"},\"slug\":\"honda-cg-150-titan-mix-esd-wmimagem13174760936\",\"date\":\"2024-08-21T15:43:09\",\"src\":\"https:\\\/\\\/rwmotos.com\\\/?p=1427\",\"original\":\"https:\\\/\\\/rwmotos.com\\\/wp-content\\\/uploads\\\/2024\\\/08\\\/honda-cg-150-titan-mix-esd-wmimagem13174760936.webp\",\"comments\":{\"status\":\"open\",\"count\":\"0\"},\"copyright\":\"\",\"thumb\":[\"https:\\\/\\\/rwmotos.com\\\/wp-content\\\/uploads\\\/2024\\\/08\\\/honda-cg-150-titan-mix-esd-wmimagem13174760936-400x300.webp\",400,300,true],\"image\":[\"https:\\\/\\\/rwmotos.com\\\/wp-content\\\/uploads\\\/2024\\\/08\\\/honda-cg-150-titan-mix-esd-wmimagem13174760936.webp\",1920,1440,false],\"image_id\":1427,\"resized\":true,\"file\":\"\\\/home\\\/u682471960\\\/domains\\\/rwmotos.com\\\/public_html\\\/wp-content\\\/uploads\\\/2024\\\/08\\\/honda-cg-150-titan-mix-esd-wmimagem13174760936.webp\",\"meta\":[],\"tags_taxonomy\":\"media_tag\"},{\"type\":\"attachment\",\"subtype\":\"image\",\"status\":\"publish\",\"id\":\"1431\",\"title_src\":\"title\",\"alt_src\":\"alt\",\"caption_src\":\"caption\",\"title\":\"honda-cg-150-titan-mix-esd-wmimagem13174690023\",\"alt\":\"\",\"caption\":\"\",\"link\":{\"text\":\"\",\"url\":\"\",\"target\":\"_self\"},\"tags\":[],\"author\":{\"id\":\"1\",\"name\":\"suporte@spybox.com.br\",\"url\":\"http:\\\/\\\/rwmotos.com\"},\"slug\":\"honda-cg-150-titan-mix-esd-wmimagem13174690023\",\"date\":\"2024-08-21T15:43:16\",\"src\":\"https:\\\/\\\/rwmotos.com\\\/?p=1431\",\"original\":\"https:\\\/\\\/rwmotos.com\\\/wp-content\\\/uploads\\\/2024\\\/08\\\/honda-cg-150-titan-mix-esd-wmimagem13174690023.webp\",\"comments\":{\"status\":\"open\",\"count\":\"0\"},\"copyright\":\"\",\"thumb\":[\"https:\\\/\\\/rwmotos.com\\\/wp-content\\\/uploads\\\/2024\\\/08\\\/honda-cg-150-titan-mix-esd-wmimagem13174690023-400x300.webp\",400,300,true],\"image\":[\"https:\\\/\\\/rwmotos.com\\\/wp-content\\\/uploads\\\/2024\\\/08\\\/honda-cg-150-titan-mix-esd-wmimagem13174690023.webp\",1920,1440,false],\"image_id\":1431,\"resized\":true,\"file\":\"\\\/home\\\/u682471960\\\/domains\\\/rwmotos.com\\\/public_html\\\/wp-content\\\/uploads\\\/2024\\\/08\\\/honda-cg-150-titan-mix-esd-wmimagem13174690023.webp\",\"meta\":[],\"tags_taxonomy\":\"media_tag\"},{\"type\":\"attachment\",\"subtype\":\"image\",\"status\":\"publish\",\"id\":\"1426\",\"title_src\":\"title\",\"alt_src\":\"alt\",\"caption_src\":\"caption\",\"title\":\"honda-cg-150-titan-mix-esd-wmimagem13174779220\",\"alt\":\"\",\"caption\":\"\",\"link\":{\"text\":\"\",\"url\":\"\",\"target\":\"_self\"},\"tags\":[],\"author\":{\"id\":\"1\",\"name\":\"suporte@spybox.com.br\",\"url\":\"http:\\\/\\\/rwmotos.com\"},\"slug\":\"honda-cg-150-titan-mix-esd-wmimagem13174779220\",\"date\":\"2024-08-21T15:43:07\",\"src\":\"https:\\\/\\\/rwmotos.com\\\/?p=1426\",\"original\":\"https:\\\/\\\/rwmotos.com\\\/wp-content\\\/uploads\\\/2024\\\/08\\\/honda-cg-150-titan-mix-esd-wmimagem13174779220.webp\",\"comments\":{\"status\":\"open\",\"count\":\"0\"},\"copyright\":\"\",\"thumb\":[\"https:\\\/\\\/rwmotos.com\\\/wp-content\\\/uploads\\\/2024\\\/08\\\/honda-cg-150-titan-mix-esd-wmimagem13174779220-400x300.webp\",400,300,true],\"image\":[\"https:\\\/\\\/rwmotos.com\\\/wp-content\\\/uploads\\\/2024\\\/08\\\/honda-cg-150-titan-mix-esd-wmimagem13174779220.webp\",1920,1440,false],\"image_id\":1426,\"resized\":true,\"file\":\"\\\/home\\\/u682471960\\\/domains\\\/rwmotos.com\\\/public_html\\\/wp-content\\\/uploads\\\/2024\\\/08\\\/honda-cg-150-titan-mix-esd-wmimagem13174779220.webp\",\"meta\":[],\"tags_taxonomy\":\"media_tag\"},{\"type\":\"attachment\",\"subtype\":\"image\",\"status\":\"publish\",\"id\":\"1429\",\"title_src\":\"title\",\"alt_src\":\"alt\",\"caption_src\":\"caption\",\"title\":\"honda-cg-150-titan-mix-esd-wmimagem13174714829\",\"alt\":\"\",\"caption\":\"\",\"link\":{\"text\":\"\",\"url\":\"\",\"target\":\"_self\"},\"tags\":[],\"author\":{\"id\":\"1\",\"name\":\"suporte@spybox.com.br\",\"url\":\"http:\\\/\\\/rwmotos.com\"},\"slug\":\"honda-cg-150-titan-mix-esd-wmimagem13174714829\",\"date\":\"2024-08-21T15:43:12\",\"src\":\"https:\\\/\\\/rwmotos.com\\\/?p=1429\",\"original\":\"https:\\\/\\\/rwmotos.com\\\/wp-content\\\/uploads\\\/2024\\\/08\\\/honda-cg-150-titan-mix-esd-wmimagem13174714829.webp\",\"comments\":{\"status\":\"open\",\"count\":\"0\"},\"copyright\":\"\",\"thumb\":[\"https:\\\/\\\/rwmotos.com\\\/wp-content\\\/uploads\\\/2024\\\/08\\\/honda-cg-150-titan-mix-esd-wmimagem13174714829-400x300.webp\",400,300,true],\"image\":[\"https:\\\/\\\/rwmotos.com\\\/wp-content\\\/uploads\\\/2024\\\/08\\\/honda-cg-150-titan-mix-esd-wmimagem13174714829.webp\",1920,1440,false],\"image_id\":1429,\"resized\":true,\"file\":\"\\\/home\\\/u682471960\\\/domains\\\/rwmotos.com\\\/public_html\\\/wp-content\\\/uploads\\\/2024\\\/08\\\/honda-cg-150-titan-mix-esd-wmimagem13174714829.webp\",\"meta\":[],\"tags_taxonomy\":\"media_tag\"},{\"type\":\"attachment\",\"subtype\":\"image\",\"status\":\"publish\",\"id\":\"1430\",\"title_src\":\"title\",\"alt_src\":\"alt\",\"caption_src\":\"caption\",\"title\":\"honda-cg-150-titan-mix-esd-wmimagem13174705542\",\"alt\":\"\",\"caption\":\"\",\"link\":{\"text\":\"\",\"url\":\"\",\"target\":\"_self\"},\"tags\":[],\"author\":{\"id\":\"1\",\"name\":\"suporte@spybox.com.br\",\"url\":\"http:\\\/\\\/rwmotos.com\"},\"slug\":\"honda-cg-150-titan-mix-esd-wmimagem13174705542\",\"date\":\"2024-08-21T15:43:14\",\"src\":\"https:\\\/\\\/rwmotos.com\\\/?p=1430\",\"original\":\"https:\\\/\\\/rwmotos.com\\\/wp-content\\\/uploads\\\/2024\\\/08\\\/honda-cg-150-titan-mix-esd-wmimagem13174705542.webp\",\"comments\":{\"status\":\"open\",\"count\":\"0\"},\"copyright\":\"\",\"thumb\":[\"https:\\\/\\\/rwmotos.com\\\/wp-content\\\/uploads\\\/2024\\\/08\\\/honda-cg-150-titan-mix-esd-wmimagem13174705542-400x300.webp\",400,300,true],\"image\":[\"https:\\\/\\\/rwmotos.com\\\/wp-content\\\/uploads\\\/2024\\\/08\\\/honda-cg-150-titan-mix-esd-wmimagem13174705542.webp\",1920,1440,false],\"image_id\":1430,\"resized\":true,\"file\":\"\\\/home\\\/u682471960\\\/domains\\\/rwmotos.com\\\/public_html\\\/wp-content\\\/uploads\\\/2024\\\/08\\\/honda-cg-150-titan-mix-esd-wmimagem13174705542.webp\",\"meta\":[],\"tags_taxonomy\":\"media_tag\"},{\"type\":\"attachment\",\"subtype\":\"image\",\"status\":\"publish\",\"id\":\"1432\",\"title_src\":\"title\",\"alt_src\":\"alt\",\"caption_src\":\"caption\",\"title\":\"honda-cg-150-titan-mix-esd-wmimagem13174668442\",\"alt\":\"\",\"caption\":\"\",\"link\":{\"text\":\"\",\"url\":\"\",\"target\":\"_self\"},\"tags\":[],\"author\":{\"id\":\"1\",\"name\":\"suporte@spybox.com.br\",\"url\":\"http:\\\/\\\/rwmotos.com\"},\"slug\":\"honda-cg-150-titan-mix-esd-wmimagem13174668442\",\"date\":\"2024-08-21T15:43:17\",\"src\":\"https:\\\/\\\/rwmotos.com\\\/?p=1432\",\"original\":\"https:\\\/\\\/rwmotos.com\\\/wp-content\\\/uploads\\\/2024\\\/08\\\/honda-cg-150-titan-mix-esd-wmimagem13174668442.webp\",\"comments\":{\"status\":\"open\",\"count\":\"0\"},\"copyright\":\"\",\"thumb\":[\"https:\\\/\\\/rwmotos.com\\\/wp-content\\\/uploads\\\/2024\\\/08\\\/honda-cg-150-titan-mix-esd-wmimagem13174668442-400x300.webp\",400,300,true],\"image\":[\"https:\\\/\\\/rwmotos.com\\\/wp-content\\\/uploads\\\/2024\\\/08\\\/honda-cg-150-titan-mix-esd-wmimagem13174668442.webp\",1920,1440,false],\"image_id\":1432,\"resized\":true,\"file\":\"\\\/home\\\/u682471960\\\/domains\\\/rwmotos.com\\\/public_html\\\/wp-content\\\/uploads\\\/2024\\\/08\\\/honda-cg-150-titan-mix-esd-wmimagem13174668442.webp\",\"meta\":[],\"tags_taxonomy\":\"media_tag\"},{\"type\":\"attachment\",\"subtype\":\"image\",\"status\":\"publish\",\"id\":\"1434\",\"title_src\":\"title\",\"alt_src\":\"alt\",\"caption_src\":\"caption\",\"title\":\"honda-cg-150-titan-mix-esd-wmimagem13174637432\",\"alt\":\"\",\"caption\":\"\",\"link\":{\"text\":\"\",\"url\":\"\",\"target\":\"_self\"},\"tags\":[],\"author\":{\"id\":\"1\",\"name\":\"suporte@spybox.com.br\",\"url\":\"http:\\\/\\\/rwmotos.com\"},\"slug\":\"honda-cg-150-titan-mix-esd-wmimagem13174637432\",\"date\":\"2024-08-21T15:43:21\",\"src\":\"https:\\\/\\\/rwmotos.com\\\/?p=1434\",\"original\":\"https:\\\/\\\/rwmotos.com\\\/wp-content\\\/uploads\\\/2024\\\/08\\\/honda-cg-150-titan-mix-esd-wmimagem13174637432.webp\",\"comments\":{\"status\":\"open\",\"count\":\"0\"},\"copyright\":\"\",\"thumb\":[\"https:\\\/\\\/rwmotos.com\\\/wp-content\\\/uploads\\\/2024\\\/08\\\/honda-cg-150-titan-mix-esd-wmimagem13174637432-400x300.webp\",400,300,true],\"image\":[\"https:\\\/\\\/rwmotos.com\\\/wp-content\\\/uploads\\\/2024\\\/08\\\/honda-cg-150-titan-mix-esd-wmimagem13174637432.webp\",1920,1440,false],\"image_id\":1434,\"resized\":true,\"file\":\"\\\/home\\\/u682471960\\\/domains\\\/rwmotos.com\\\/public_html\\\/wp-content\\\/uploads\\\/2024\\\/08\\\/honda-cg-150-titan-mix-esd-wmimagem13174637432.webp\",\"meta\":[],\"tags_taxonomy\":\"media_tag\"}]<\/script>\n\t\t\t<script type=\"application\/json\" class=\"wg-json-settings\">{\"copyR_Protection\":1,\"copyR_Alert\":\"Hello, this photo is mine!\",\"sliderScrollNavi\":1,\"sliderNextPrevAnimation\":\"animation\",\"sliderBgColor\":\"rgba(0,0,0,0.9)\",\"sliderPreloaderColor\":\"rgba(255,255,255,1)\",\"sliderHeaderFooterBgColor\":\"rgba(0,0,0,0.4)\",\"sliderNavigationColor\":\"rgba(0,0,0,1)\",\"sliderNavigationColorOver\":\"rgba(255,255,255,1)\",\"sliderNavigationIconColor\":\"rgba(255,255,255,1)\",\"sliderNavigationIconColorOver\":\"rgba(0,0,0,1)\",\"sliderItemTitleEnable\":0,\"sliderItemTitleFontSize\":18,\"sliderItemTitleTextColor\":\"rgba(255,255,255,1)\",\"sliderItemDescriptionEnable\":0,\"sliderItemDescriptionFontSize\":16,\"sliderItemDescriptionTextColor\":\"rgba(255,255,255,0.8)\",\"infoBarExifEnable\":0,\"sliderThumbBarEnable\":1,\"sliderThumbBarHoverColor\":\"rgba(255,255,255,1)\",\"sliderPlayButton\":1,\"slideshowDelay\":8,\"slideshowProgressBarColor\":\"rgba(255,255,255,1)\",\"slideshowProgressBarBGColor\":\"rgba(255,255,255,0.6)\",\"sliderZoomButton\":1,\"sliderSocialShareEnabled\":1,\"sliderFullScreen\":1,\"sliderThumbSubMenuBackgroundColor\":\"rgba(0, 0, 0, 0)\",\"sliderThumbSubMenuIconColor\":\"rgba(255, 255, 255, 1)\",\"sliderThumbSubMenuBackgroundColorOver\":\"rgba(255, 255, 255, 1)\",\"sliderThumbSubMenuIconHoverColor\":\"rgba(0, 0, 0, 1)\",\"__lightbox\":\"woowlightbox\",\"collectionPreloaderColor\":\"rgba(180,180,180,1)\",\"collectionBgColor\":\"rgba(255,255,255,0)\",\"collectionThumbColumns\":3,\"collectionThumbRecomendedWidth\":200,\"thumbSpacing\":10,\"tagsFilter\":1,\"tagCloudAll\":\"All\",\"tagCloudTextColor\":\"rgba(0,0,0,1)\",\"tagCloudBgColor\":\"rgba(180,180,180,1)\",\"collectionThumbHoverColor\":\"rgba(0,0,0,0.5)\",\"collectionThumbTitleShow\":0,\"collectionThumbTitleColor\":\"rgba(0,0,0,1)\",\"collectionThumbFontSize\":18,\"collectionThumbDescriptionShow\":0,\"collectionThumbContentBGColor\":\"rgba(220,220,220,1)\",\"collectionThumbDescriptionColor\":\"rgba(0,0,0,1)\",\"collectionThumbDescriptionFontSize\":15,\"collectionReadMoreButtonShow\":0,\"collectionReadMoreButtonLabel\":\"Read More\",\"collectionReadMoreButtonFontSize\":12,\"collectionReadMoreButtonBGColor\":\"rgba(0,0,0,1)\",\"collectionReadMoreButtonBGColorHover\":\"rgba(180,180,180,1)\",\"collectionReadMoreButtonLabelColor\":\"rgba(255,255,255,1)\",\"collectionReadMoreButtonLabelColorHover\":\"rgba(0,0,0,1)\",\"shareBarBgColor\":\"rgba(0,0,0,0.9)\",\"shareBarIconColor\":\"rgba(255,255,255,1)\",\"shareBarFacebook\":1,\"shareBarTwitter\":1,\"shareBarPinterest\":1,\"shareBarDownload\":1,\"__skin\":\"amron\",\"lightBoxEnable\":1}<\/script>\n\t\t<\/div>\n\t\t<\/div><noscript><a href=\"https:\/\/rwmotos.com\/wp-content\/uploads\/2024\/08\/honda-cg-150-titan-mix-esd-wmimagem13174741412.webp\"><img class=\"skip-lazy no-lazyload\" data-lazy-src=\"\" src =\"https:\/\/rwmotos.com\/wp-content\/uploads\/2024\/08\/honda-cg-150-titan-mix-esd-wmimagem13174741412.webp\" width=\"1920\" height=\"1440\" title=\"honda-cg-150-titan-mix-esd-wmimagem13174741412\" alt=\"\" \/><\/a><a href=\"https:\/\/rwmotos.com\/wp-content\/uploads\/2024\/08\/honda-cg-150-titan-mix-esd-wmimagem13174621218.webp\"><img class=\"skip-lazy no-lazyload\" data-lazy-src=\"\" src =\"https:\/\/rwmotos.com\/wp-content\/uploads\/2024\/08\/honda-cg-150-titan-mix-esd-wmimagem13174621218.webp\" width=\"1920\" height=\"1440\" title=\"honda-cg-150-titan-mix-esd-wmimagem13174621218\" alt=\"\" \/><\/a><a href=\"https:\/\/rwmotos.com\/wp-content\/uploads\/2024\/08\/honda-cg-150-titan-mix-esd-wmimagem13174653810.webp\"><img class=\"skip-lazy no-lazyload\" data-lazy-src=\"\" src =\"https:\/\/rwmotos.com\/wp-content\/uploads\/2024\/08\/honda-cg-150-titan-mix-esd-wmimagem13174653810.webp\" width=\"1920\" height=\"1440\" title=\"honda-cg-150-titan-mix-esd-wmimagem13174653810\" alt=\"\" \/><\/a><a href=\"https:\/\/rwmotos.com\/wp-content\/uploads\/2024\/08\/honda-cg-150-titan-mix-esd-wmimagem13174760936.webp\"><img class=\"skip-lazy no-lazyload\" data-lazy-src=\"\" src =\"https:\/\/rwmotos.com\/wp-content\/uploads\/2024\/08\/honda-cg-150-titan-mix-esd-wmimagem13174760936.webp\" width=\"1920\" height=\"1440\" title=\"honda-cg-150-titan-mix-esd-wmimagem13174760936\" alt=\"\" \/><\/a><a href=\"https:\/\/rwmotos.com\/wp-content\/uploads\/2024\/08\/honda-cg-150-titan-mix-esd-wmimagem13174690023.webp\"><img class=\"skip-lazy no-lazyload\" data-lazy-src=\"\" src =\"https:\/\/rwmotos.com\/wp-content\/uploads\/2024\/08\/honda-cg-150-titan-mix-esd-wmimagem13174690023.webp\" width=\"1920\" height=\"1440\" title=\"honda-cg-150-titan-mix-esd-wmimagem13174690023\" alt=\"\" \/><\/a><a href=\"https:\/\/rwmotos.com\/wp-content\/uploads\/2024\/08\/honda-cg-150-titan-mix-esd-wmimagem13174779220.webp\"><img class=\"skip-lazy no-lazyload\" data-lazy-src=\"\" src =\"https:\/\/rwmotos.com\/wp-content\/uploads\/2024\/08\/honda-cg-150-titan-mix-esd-wmimagem13174779220.webp\" width=\"1920\" height=\"1440\" title=\"honda-cg-150-titan-mix-esd-wmimagem13174779220\" alt=\"\" \/><\/a><a href=\"https:\/\/rwmotos.com\/wp-content\/uploads\/2024\/08\/honda-cg-150-titan-mix-esd-wmimagem13174714829.webp\"><img class=\"skip-lazy no-lazyload\" data-lazy-src=\"\" src =\"https:\/\/rwmotos.com\/wp-content\/uploads\/2024\/08\/honda-cg-150-titan-mix-esd-wmimagem13174714829.webp\" width=\"1920\" height=\"1440\" title=\"honda-cg-150-titan-mix-esd-wmimagem13174714829\" alt=\"\" \/><\/a><a href=\"https:\/\/rwmotos.com\/wp-content\/uploads\/2024\/08\/honda-cg-150-titan-mix-esd-wmimagem13174705542.webp\"><img class=\"skip-lazy no-lazyload\" data-lazy-src=\"\" src =\"https:\/\/rwmotos.com\/wp-content\/uploads\/2024\/08\/honda-cg-150-titan-mix-esd-wmimagem13174705542.webp\" width=\"1920\" height=\"1440\" title=\"honda-cg-150-titan-mix-esd-wmimagem13174705542\" alt=\"\" \/><\/a><a href=\"https:\/\/rwmotos.com\/wp-content\/uploads\/2024\/08\/honda-cg-150-titan-mix-esd-wmimagem13174668442.webp\"><img class=\"skip-lazy no-lazyload\" data-lazy-src=\"\" src =\"https:\/\/rwmotos.com\/wp-content\/uploads\/2024\/08\/honda-cg-150-titan-mix-esd-wmimagem13174668442.webp\" width=\"1920\" height=\"1440\" title=\"honda-cg-150-titan-mix-esd-wmimagem13174668442\" alt=\"\" \/><\/a><a href=\"https:\/\/rwmotos.com\/wp-content\/uploads\/2024\/08\/honda-cg-150-titan-mix-esd-wmimagem13174637432.webp\"><img class=\"skip-lazy no-lazyload\" data-lazy-src=\"\" src =\"https:\/\/rwmotos.com\/wp-content\/uploads\/2024\/08\/honda-cg-150-titan-mix-esd-wmimagem13174637432.webp\" width=\"1920\" height=\"1440\" title=\"honda-cg-150-titan-mix-esd-wmimagem13174637432\" alt=\"\" \/><\/a><\/noscript>\n<\/div>","protected":false},"excerpt":{"rendered":"<div class=\"entry-content-stat post-content\"><p>Cidade:S\u00e3o Paulo &#8211; SP<br \/>\nAno:2012\/2012<br \/>\nMarchas:5<br \/>\nQuilometragem:82.000<br \/>\nTipo de motor:4 Tempos<br \/>\nCor:Preto-Preto<br \/>\nRefrigera\u00e7\u00e3o:ar<br \/>\nEstilo:Street<br \/>\nCilindrada:150<br \/>\nPartida:el\u00e9trica<br \/>\nFreio dianteiro \/traseiro:disco\/tambor<br \/>\nAlimenta\u00e7\u00e3o:Inje\u00e7\u00e3o Eletr\u00f4nica<\/p>\n<\/div>","protected":false},"featured_media":1435,"comment_status":"open","ping_status":"closed","template":"","meta":[],"product_cat":[15],"product_tag":[],"_links":{"self":[{"href":"https:\/\/rwmotos.com\/index.php?rest_route=\/wp\/v2\/product\/1436"}],"collection":[{"href":"https:\/\/rwmotos.com\/index.php?rest_route=\/wp\/v2\/product"}],"about":[{"href":"https:\/\/rwmotos.com\/index.php?rest_route=\/wp\/v2\/types\/product"}],"replies":[{"embeddable":true,"href":"https:\/\/rwmotos.com\/index.php?rest_route=%2Fwp%2Fv2%2Fcomments&post=1436"}],"wp:featuredmedia":[{"embeddable":true,"href":"https:\/\/rwmotos.com\/index.php?rest_route=\/wp\/v2\/media\/1435"}],"wp:attachment":[{"href":"https:\/\/rwmotos.com\/index.php?rest_route=%2Fwp%2Fv2%2Fmedia&parent=1436"}],"wp:term":[{"taxonomy":"product_cat","embeddable":true,"href":"https:\/\/rwmotos.com\/index.php?rest_route=%2Fwp%2Fv2%2Fproduct_cat&post=1436"},{"taxonomy":"product_tag","embeddable":true,"href":"https:\/\/rwmotos.com\/index.php?rest_route=%2Fwp%2Fv2%2Fproduct_tag&post=1436"}],"curies":[{"name":"wp","href":"https:\/\/api.w.org\/{rel}","templated":true}]}}