{"id":1306,"date":"2024-07-12T17:45:28","date_gmt":"2024-07-12T20:45:28","guid":{"rendered":"https:\/\/rwmotos.com\/?post_type=product&#038;p=1306"},"modified":"2024-07-13T11:44:36","modified_gmt":"2024-07-13T14:44:36","slug":"harley-davidson-night-rod-special-r66-90000","status":"publish","type":"product","link":"https:\/\/rwmotos.com\/?product=harley-davidson-night-rod-special-r66-90000","title":{"rendered":"HARLEY-DAVIDSON NIGHT ROD SPECIAL-R$66.900,00"},"content":{"rendered":"<div class=\"post-content\"><div id=\"wg_1335_17762306243575\" class=\"woowgallery-wrapper wg-id-1335 type-woowgallery\" itemscope itemtype=\"http:\/\/schema.org\/ImageGallery\">\t\t<div class='woowgallery-amron'>\n\t\t\t<script type=\"application\/json\" class=\"wg-json-content\">[{\"type\":\"attachment\",\"subtype\":\"image\",\"status\":\"publish\",\"id\":\"1350\",\"title_src\":\"custom\",\"alt_src\":\"alt\",\"caption_src\":\"caption\",\"title\":\"\",\"alt\":\"\",\"caption\":\"\",\"link\":{\"text\":\"\",\"url\":\"\",\"target\":\"_self\"},\"tags\":[],\"author\":{\"id\":\"1\",\"name\":\"suporte@spybox.com.br\",\"url\":\"http:\\\/\\\/rwmotos.com\"},\"slug\":\"whatsapp-image-2024-07-13-at-11-47-00-1\",\"date\":\"2024-07-13T11:49:57\",\"src\":\"https:\\\/\\\/rwmotos.com\\\/?p=1350\",\"original\":\"http:\\\/\\\/rwmotos.com\\\/wp-content\\\/uploads\\\/2024\\\/07\\\/WhatsApp-Image-2024-07-13-at-11.47.00-1.jpeg\",\"comments\":{\"status\":\"open\",\"count\":\"0\"},\"copyright\":\"\",\"thumb\":[\"http:\\\/\\\/rwmotos.com\\\/wp-content\\\/uploads\\\/2024\\\/07\\\/WhatsApp-Image-2024-07-13-at-11.47.00-1-400x332.jpeg\",400,332,true],\"image\":[\"http:\\\/\\\/rwmotos.com\\\/wp-content\\\/uploads\\\/2024\\\/07\\\/WhatsApp-Image-2024-07-13-at-11.47.00-1.jpeg\",720,598,false],\"image_id\":1350,\"resized\":true,\"file\":\"\\\/home\\\/u682471960\\\/domains\\\/rwmotos.com\\\/public_html\\\/wp-content\\\/uploads\\\/2024\\\/07\\\/WhatsApp-Image-2024-07-13-at-11.47.00-1.jpeg\",\"meta\":[],\"tags_taxonomy\":\"media_tag\"},{\"type\":\"attachment\",\"subtype\":\"image\",\"status\":\"publish\",\"id\":\"1351\",\"title_src\":\"custom\",\"alt_src\":\"alt\",\"caption_src\":\"caption\",\"title\":\"\",\"alt\":\"\",\"caption\":\"\",\"link\":{\"text\":\"\",\"url\":\"\",\"target\":\"_self\"},\"tags\":[],\"author\":{\"id\":\"1\",\"name\":\"suporte@spybox.com.br\",\"url\":\"http:\\\/\\\/rwmotos.com\"},\"slug\":\"whatsapp-image-2024-07-13-at-11-47-00\",\"date\":\"2024-07-13T11:49:57\",\"src\":\"https:\\\/\\\/rwmotos.com\\\/?p=1351\",\"original\":\"http:\\\/\\\/rwmotos.com\\\/wp-content\\\/uploads\\\/2024\\\/07\\\/WhatsApp-Image-2024-07-13-at-11.47.00.jpeg\",\"comments\":{\"status\":\"open\",\"count\":\"0\"},\"copyright\":\"\",\"thumb\":[\"http:\\\/\\\/rwmotos.com\\\/wp-content\\\/uploads\\\/2024\\\/07\\\/WhatsApp-Image-2024-07-13-at-11.47.00-400x316.jpeg\",400,316,true],\"image\":[\"http:\\\/\\\/rwmotos.com\\\/wp-content\\\/uploads\\\/2024\\\/07\\\/WhatsApp-Image-2024-07-13-at-11.47.00.jpeg\",720,569,false],\"image_id\":1351,\"resized\":true,\"file\":\"\\\/home\\\/u682471960\\\/domains\\\/rwmotos.com\\\/public_html\\\/wp-content\\\/uploads\\\/2024\\\/07\\\/WhatsApp-Image-2024-07-13-at-11.47.00.jpeg\",\"meta\":[],\"tags_taxonomy\":\"media_tag\"},{\"type\":\"attachment\",\"subtype\":\"image\",\"status\":\"publish\",\"id\":\"1352\",\"title_src\":\"custom\",\"alt_src\":\"alt\",\"caption_src\":\"caption\",\"title\":\"\",\"alt\":\"\",\"caption\":\"\",\"link\":{\"text\":\"\",\"url\":\"\",\"target\":\"_self\"},\"tags\":[],\"author\":{\"id\":\"1\",\"name\":\"suporte@spybox.com.br\",\"url\":\"http:\\\/\\\/rwmotos.com\"},\"slug\":\"whatsapp-image-2024-07-13-at-11-46-59-4\",\"date\":\"2024-07-13T11:49:58\",\"src\":\"https:\\\/\\\/rwmotos.com\\\/?p=1352\",\"original\":\"http:\\\/\\\/rwmotos.com\\\/wp-content\\\/uploads\\\/2024\\\/07\\\/WhatsApp-Image-2024-07-13-at-11.46.59-4.jpeg\",\"comments\":{\"status\":\"open\",\"count\":\"0\"},\"copyright\":\"\",\"thumb\":[\"http:\\\/\\\/rwmotos.com\\\/wp-content\\\/uploads\\\/2024\\\/07\\\/WhatsApp-Image-2024-07-13-at-11.46.59-4-400x314.jpeg\",400,314,true],\"image\":[\"http:\\\/\\\/rwmotos.com\\\/wp-content\\\/uploads\\\/2024\\\/07\\\/WhatsApp-Image-2024-07-13-at-11.46.59-4.jpeg\",720,565,false],\"image_id\":1352,\"resized\":true,\"file\":\"\\\/home\\\/u682471960\\\/domains\\\/rwmotos.com\\\/public_html\\\/wp-content\\\/uploads\\\/2024\\\/07\\\/WhatsApp-Image-2024-07-13-at-11.46.59-4.jpeg\",\"meta\":[],\"tags_taxonomy\":\"media_tag\"},{\"type\":\"attachment\",\"subtype\":\"image\",\"status\":\"publish\",\"id\":\"1353\",\"title_src\":\"custom\",\"alt_src\":\"alt\",\"caption_src\":\"caption\",\"title\":\"\",\"alt\":\"\",\"caption\":\"\",\"link\":{\"text\":\"\",\"url\":\"\",\"target\":\"_self\"},\"tags\":[],\"author\":{\"id\":\"1\",\"name\":\"suporte@spybox.com.br\",\"url\":\"http:\\\/\\\/rwmotos.com\"},\"slug\":\"whatsapp-image-2024-07-13-at-11-46-59-3\",\"date\":\"2024-07-13T11:49:58\",\"src\":\"https:\\\/\\\/rwmotos.com\\\/?p=1353\",\"original\":\"http:\\\/\\\/rwmotos.com\\\/wp-content\\\/uploads\\\/2024\\\/07\\\/WhatsApp-Image-2024-07-13-at-11.46.59-3.jpeg\",\"comments\":{\"status\":\"open\",\"count\":\"0\"},\"copyright\":\"\",\"thumb\":[\"http:\\\/\\\/rwmotos.com\\\/wp-content\\\/uploads\\\/2024\\\/07\\\/WhatsApp-Image-2024-07-13-at-11.46.59-3-400x313.jpeg\",400,313,true],\"image\":[\"http:\\\/\\\/rwmotos.com\\\/wp-content\\\/uploads\\\/2024\\\/07\\\/WhatsApp-Image-2024-07-13-at-11.46.59-3.jpeg\",720,563,false],\"image_id\":1353,\"resized\":true,\"file\":\"\\\/home\\\/u682471960\\\/domains\\\/rwmotos.com\\\/public_html\\\/wp-content\\\/uploads\\\/2024\\\/07\\\/WhatsApp-Image-2024-07-13-at-11.46.59-3.jpeg\",\"meta\":[],\"tags_taxonomy\":\"media_tag\"},{\"type\":\"attachment\",\"subtype\":\"image\",\"status\":\"publish\",\"id\":\"1354\",\"title_src\":\"custom\",\"alt_src\":\"alt\",\"caption_src\":\"caption\",\"title\":\"\",\"alt\":\"\",\"caption\":\"\",\"link\":{\"text\":\"\",\"url\":\"\",\"target\":\"_self\"},\"tags\":[],\"author\":{\"id\":\"1\",\"name\":\"suporte@spybox.com.br\",\"url\":\"http:\\\/\\\/rwmotos.com\"},\"slug\":\"whatsapp-image-2024-07-13-at-11-46-59-2\",\"date\":\"2024-07-13T11:49:58\",\"src\":\"https:\\\/\\\/rwmotos.com\\\/?p=1354\",\"original\":\"http:\\\/\\\/rwmotos.com\\\/wp-content\\\/uploads\\\/2024\\\/07\\\/WhatsApp-Image-2024-07-13-at-11.46.59-2.jpeg\",\"comments\":{\"status\":\"open\",\"count\":\"0\"},\"copyright\":\"\",\"thumb\":[\"http:\\\/\\\/rwmotos.com\\\/wp-content\\\/uploads\\\/2024\\\/07\\\/WhatsApp-Image-2024-07-13-at-11.46.59-2-400x308.jpeg\",400,308,true],\"image\":[\"http:\\\/\\\/rwmotos.com\\\/wp-content\\\/uploads\\\/2024\\\/07\\\/WhatsApp-Image-2024-07-13-at-11.46.59-2.jpeg\",720,555,false],\"image_id\":1354,\"resized\":true,\"file\":\"\\\/home\\\/u682471960\\\/domains\\\/rwmotos.com\\\/public_html\\\/wp-content\\\/uploads\\\/2024\\\/07\\\/WhatsApp-Image-2024-07-13-at-11.46.59-2.jpeg\",\"meta\":[],\"tags_taxonomy\":\"media_tag\"},{\"type\":\"attachment\",\"subtype\":\"image\",\"status\":\"publish\",\"id\":\"1355\",\"title_src\":\"custom\",\"alt_src\":\"alt\",\"caption_src\":\"caption\",\"title\":\"\",\"alt\":\"\",\"caption\":\"\",\"link\":{\"text\":\"\",\"url\":\"\",\"target\":\"_self\"},\"tags\":[],\"author\":{\"id\":\"1\",\"name\":\"suporte@spybox.com.br\",\"url\":\"http:\\\/\\\/rwmotos.com\"},\"slug\":\"whatsapp-image-2024-07-13-at-11-46-59-1\",\"date\":\"2024-07-13T11:49:58\",\"src\":\"https:\\\/\\\/rwmotos.com\\\/?p=1355\",\"original\":\"http:\\\/\\\/rwmotos.com\\\/wp-content\\\/uploads\\\/2024\\\/07\\\/WhatsApp-Image-2024-07-13-at-11.46.59-1.jpeg\",\"comments\":{\"status\":\"open\",\"count\":\"0\"},\"copyright\":\"\",\"thumb\":[\"http:\\\/\\\/rwmotos.com\\\/wp-content\\\/uploads\\\/2024\\\/07\\\/WhatsApp-Image-2024-07-13-at-11.46.59-1-400x315.jpeg\",400,315,true],\"image\":[\"http:\\\/\\\/rwmotos.com\\\/wp-content\\\/uploads\\\/2024\\\/07\\\/WhatsApp-Image-2024-07-13-at-11.46.59-1.jpeg\",720,567,false],\"image_id\":1355,\"resized\":true,\"file\":\"\\\/home\\\/u682471960\\\/domains\\\/rwmotos.com\\\/public_html\\\/wp-content\\\/uploads\\\/2024\\\/07\\\/WhatsApp-Image-2024-07-13-at-11.46.59-1.jpeg\",\"meta\":[],\"tags_taxonomy\":\"media_tag\"},{\"type\":\"attachment\",\"subtype\":\"image\",\"status\":\"publish\",\"id\":\"1356\",\"title_src\":\"custom\",\"alt_src\":\"alt\",\"caption_src\":\"caption\",\"title\":\"\",\"alt\":\"\",\"caption\":\"\",\"link\":{\"text\":\"\",\"url\":\"\",\"target\":\"_self\"},\"tags\":[],\"author\":{\"id\":\"1\",\"name\":\"suporte@spybox.com.br\",\"url\":\"http:\\\/\\\/rwmotos.com\"},\"slug\":\"whatsapp-image-2024-07-13-at-11-46-59\",\"date\":\"2024-07-13T11:49:59\",\"src\":\"https:\\\/\\\/rwmotos.com\\\/?p=1356\",\"original\":\"http:\\\/\\\/rwmotos.com\\\/wp-content\\\/uploads\\\/2024\\\/07\\\/WhatsApp-Image-2024-07-13-at-11.46.59.jpeg\",\"comments\":{\"status\":\"open\",\"count\":\"0\"},\"copyright\":\"\",\"thumb\":[\"http:\\\/\\\/rwmotos.com\\\/wp-content\\\/uploads\\\/2024\\\/07\\\/WhatsApp-Image-2024-07-13-at-11.46.59-400x320.jpeg\",400,320,true],\"image\":[\"http:\\\/\\\/rwmotos.com\\\/wp-content\\\/uploads\\\/2024\\\/07\\\/WhatsApp-Image-2024-07-13-at-11.46.59.jpeg\",720,576,false],\"image_id\":1356,\"resized\":true,\"file\":\"\\\/home\\\/u682471960\\\/domains\\\/rwmotos.com\\\/public_html\\\/wp-content\\\/uploads\\\/2024\\\/07\\\/WhatsApp-Image-2024-07-13-at-11.46.59.jpeg\",\"meta\":[],\"tags_taxonomy\":\"media_tag\"},{\"type\":\"attachment\",\"subtype\":\"image\",\"status\":\"publish\",\"id\":\"1357\",\"title_src\":\"custom\",\"alt_src\":\"alt\",\"caption_src\":\"caption\",\"title\":\"\",\"alt\":\"\",\"caption\":\"\",\"link\":{\"text\":\"\",\"url\":\"\",\"target\":\"_self\"},\"tags\":[],\"author\":{\"id\":\"1\",\"name\":\"suporte@spybox.com.br\",\"url\":\"http:\\\/\\\/rwmotos.com\"},\"slug\":\"whatsapp-image-2024-07-13-at-11-46-58-4\",\"date\":\"2024-07-13T11:49:59\",\"src\":\"https:\\\/\\\/rwmotos.com\\\/?p=1357\",\"original\":\"http:\\\/\\\/rwmotos.com\\\/wp-content\\\/uploads\\\/2024\\\/07\\\/WhatsApp-Image-2024-07-13-at-11.46.58-4.jpeg\",\"comments\":{\"status\":\"open\",\"count\":\"0\"},\"copyright\":\"\",\"thumb\":[\"http:\\\/\\\/rwmotos.com\\\/wp-content\\\/uploads\\\/2024\\\/07\\\/WhatsApp-Image-2024-07-13-at-11.46.58-4-400x313.jpeg\",400,313,true],\"image\":[\"http:\\\/\\\/rwmotos.com\\\/wp-content\\\/uploads\\\/2024\\\/07\\\/WhatsApp-Image-2024-07-13-at-11.46.58-4.jpeg\",720,564,false],\"image_id\":1357,\"resized\":true,\"file\":\"\\\/home\\\/u682471960\\\/domains\\\/rwmotos.com\\\/public_html\\\/wp-content\\\/uploads\\\/2024\\\/07\\\/WhatsApp-Image-2024-07-13-at-11.46.58-4.jpeg\",\"meta\":[],\"tags_taxonomy\":\"media_tag\"},{\"type\":\"attachment\",\"subtype\":\"image\",\"status\":\"publish\",\"id\":\"1358\",\"title_src\":\"custom\",\"alt_src\":\"alt\",\"caption_src\":\"caption\",\"title\":\"\",\"alt\":\"\",\"caption\":\"\",\"link\":{\"text\":\"\",\"url\":\"\",\"target\":\"_self\"},\"tags\":[],\"author\":{\"id\":\"1\",\"name\":\"suporte@spybox.com.br\",\"url\":\"http:\\\/\\\/rwmotos.com\"},\"slug\":\"whatsapp-image-2024-07-13-at-11-46-58-3\",\"date\":\"2024-07-13T11:49:59\",\"src\":\"https:\\\/\\\/rwmotos.com\\\/?p=1358\",\"original\":\"http:\\\/\\\/rwmotos.com\\\/wp-content\\\/uploads\\\/2024\\\/07\\\/WhatsApp-Image-2024-07-13-at-11.46.58-3.jpeg\",\"comments\":{\"status\":\"open\",\"count\":\"0\"},\"copyright\":\"\",\"thumb\":[\"http:\\\/\\\/rwmotos.com\\\/wp-content\\\/uploads\\\/2024\\\/07\\\/WhatsApp-Image-2024-07-13-at-11.46.58-3-400x318.jpeg\",400,318,true],\"image\":[\"http:\\\/\\\/rwmotos.com\\\/wp-content\\\/uploads\\\/2024\\\/07\\\/WhatsApp-Image-2024-07-13-at-11.46.58-3.jpeg\",720,573,false],\"image_id\":1358,\"resized\":true,\"file\":\"\\\/home\\\/u682471960\\\/domains\\\/rwmotos.com\\\/public_html\\\/wp-content\\\/uploads\\\/2024\\\/07\\\/WhatsApp-Image-2024-07-13-at-11.46.58-3.jpeg\",\"meta\":[],\"tags_taxonomy\":\"media_tag\"},{\"type\":\"attachment\",\"subtype\":\"image\",\"status\":\"publish\",\"id\":\"1359\",\"title_src\":\"custom\",\"alt_src\":\"alt\",\"caption_src\":\"caption\",\"title\":\"\",\"alt\":\"\",\"caption\":\"\",\"link\":{\"text\":\"\",\"url\":\"\",\"target\":\"_self\"},\"tags\":[],\"author\":{\"id\":\"1\",\"name\":\"suporte@spybox.com.br\",\"url\":\"http:\\\/\\\/rwmotos.com\"},\"slug\":\"whatsapp-image-2024-07-13-at-11-46-58-2\",\"date\":\"2024-07-13T11:50:00\",\"src\":\"https:\\\/\\\/rwmotos.com\\\/?p=1359\",\"original\":\"http:\\\/\\\/rwmotos.com\\\/wp-content\\\/uploads\\\/2024\\\/07\\\/WhatsApp-Image-2024-07-13-at-11.46.58-2.jpeg\",\"comments\":{\"status\":\"open\",\"count\":\"0\"},\"copyright\":\"\",\"thumb\":[\"http:\\\/\\\/rwmotos.com\\\/wp-content\\\/uploads\\\/2024\\\/07\\\/WhatsApp-Image-2024-07-13-at-11.46.58-2-400x315.jpeg\",400,315,true],\"image\":[\"http:\\\/\\\/rwmotos.com\\\/wp-content\\\/uploads\\\/2024\\\/07\\\/WhatsApp-Image-2024-07-13-at-11.46.58-2.jpeg\",695,548,false],\"image_id\":1359,\"resized\":true,\"file\":\"\\\/home\\\/u682471960\\\/domains\\\/rwmotos.com\\\/public_html\\\/wp-content\\\/uploads\\\/2024\\\/07\\\/WhatsApp-Image-2024-07-13-at-11.46.58-2.jpeg\",\"meta\":[],\"tags_taxonomy\":\"media_tag\"},{\"type\":\"attachment\",\"subtype\":\"image\",\"status\":\"publish\",\"id\":\"1360\",\"title_src\":\"custom\",\"alt_src\":\"alt\",\"caption_src\":\"caption\",\"title\":\"\",\"alt\":\"\",\"caption\":\"\",\"link\":{\"text\":\"\",\"url\":\"\",\"target\":\"_self\"},\"tags\":[],\"author\":{\"id\":\"1\",\"name\":\"suporte@spybox.com.br\",\"url\":\"http:\\\/\\\/rwmotos.com\"},\"slug\":\"whatsapp-image-2024-07-13-at-11-46-58-1\",\"date\":\"2024-07-13T11:50:00\",\"src\":\"https:\\\/\\\/rwmotos.com\\\/?p=1360\",\"original\":\"http:\\\/\\\/rwmotos.com\\\/wp-content\\\/uploads\\\/2024\\\/07\\\/WhatsApp-Image-2024-07-13-at-11.46.58-1.jpeg\",\"comments\":{\"status\":\"open\",\"count\":\"0\"},\"copyright\":\"\",\"thumb\":[\"http:\\\/\\\/rwmotos.com\\\/wp-content\\\/uploads\\\/2024\\\/07\\\/WhatsApp-Image-2024-07-13-at-11.46.58-1-400x319.jpeg\",400,319,true],\"image\":[\"http:\\\/\\\/rwmotos.com\\\/wp-content\\\/uploads\\\/2024\\\/07\\\/WhatsApp-Image-2024-07-13-at-11.46.58-1.jpeg\",720,575,false],\"image_id\":1360,\"resized\":true,\"file\":\"\\\/home\\\/u682471960\\\/domains\\\/rwmotos.com\\\/public_html\\\/wp-content\\\/uploads\\\/2024\\\/07\\\/WhatsApp-Image-2024-07-13-at-11.46.58-1.jpeg\",\"meta\":[],\"tags_taxonomy\":\"media_tag\"},{\"type\":\"attachment\",\"subtype\":\"image\",\"status\":\"publish\",\"id\":\"1361\",\"title_src\":\"custom\",\"alt_src\":\"alt\",\"caption_src\":\"caption\",\"title\":\"\",\"alt\":\"\",\"caption\":\"\",\"link\":{\"text\":\"\",\"url\":\"\",\"target\":\"_self\"},\"tags\":[],\"author\":{\"id\":\"1\",\"name\":\"suporte@spybox.com.br\",\"url\":\"http:\\\/\\\/rwmotos.com\"},\"slug\":\"whatsapp-image-2024-07-13-at-11-46-58\",\"date\":\"2024-07-13T11:50:00\",\"src\":\"https:\\\/\\\/rwmotos.com\\\/?p=1361\",\"original\":\"http:\\\/\\\/rwmotos.com\\\/wp-content\\\/uploads\\\/2024\\\/07\\\/WhatsApp-Image-2024-07-13-at-11.46.58.jpeg\",\"comments\":{\"status\":\"open\",\"count\":\"0\"},\"copyright\":\"\",\"thumb\":[\"http:\\\/\\\/rwmotos.com\\\/wp-content\\\/uploads\\\/2024\\\/07\\\/WhatsApp-Image-2024-07-13-at-11.46.58-400x317.jpeg\",400,317,true],\"image\":[\"http:\\\/\\\/rwmotos.com\\\/wp-content\\\/uploads\\\/2024\\\/07\\\/WhatsApp-Image-2024-07-13-at-11.46.58.jpeg\",720,571,false],\"image_id\":1361,\"resized\":true,\"file\":\"\\\/home\\\/u682471960\\\/domains\\\/rwmotos.com\\\/public_html\\\/wp-content\\\/uploads\\\/2024\\\/07\\\/WhatsApp-Image-2024-07-13-at-11.46.58.jpeg\",\"meta\":[],\"tags_taxonomy\":\"media_tag\"},{\"type\":\"attachment\",\"subtype\":\"image\",\"status\":\"publish\",\"id\":\"1362\",\"title_src\":\"custom\",\"alt_src\":\"alt\",\"caption_src\":\"caption\",\"title\":\"\",\"alt\":\"\",\"caption\":\"\",\"link\":{\"text\":\"\",\"url\":\"\",\"target\":\"_self\"},\"tags\":[],\"author\":{\"id\":\"1\",\"name\":\"suporte@spybox.com.br\",\"url\":\"http:\\\/\\\/rwmotos.com\"},\"slug\":\"whatsapp-image-2024-07-13-at-11-46-57\",\"date\":\"2024-07-13T11:50:00\",\"src\":\"https:\\\/\\\/rwmotos.com\\\/?p=1362\",\"original\":\"http:\\\/\\\/rwmotos.com\\\/wp-content\\\/uploads\\\/2024\\\/07\\\/WhatsApp-Image-2024-07-13-at-11.46.57.jpeg\",\"comments\":{\"status\":\"open\",\"count\":\"0\"},\"copyright\":\"\",\"thumb\":[\"http:\\\/\\\/rwmotos.com\\\/wp-content\\\/uploads\\\/2024\\\/07\\\/WhatsApp-Image-2024-07-13-at-11.46.57-400x331.jpeg\",400,331,true],\"image\":[\"http:\\\/\\\/rwmotos.com\\\/wp-content\\\/uploads\\\/2024\\\/07\\\/WhatsApp-Image-2024-07-13-at-11.46.57.jpeg\",720,595,false],\"image_id\":1362,\"resized\":true,\"file\":\"\\\/home\\\/u682471960\\\/domains\\\/rwmotos.com\\\/public_html\\\/wp-content\\\/uploads\\\/2024\\\/07\\\/WhatsApp-Image-2024-07-13-at-11.46.57.jpeg\",\"meta\":[],\"tags_taxonomy\":\"media_tag\"}]<\/script>\n\t\t\t<script type=\"application\/json\" class=\"wg-json-settings\">{\"copyR_Protection\":1,\"copyR_Alert\":\"Hello, this photo is mine!\",\"sliderScrollNavi\":1,\"sliderNextPrevAnimation\":\"animation\",\"sliderBgColor\":\"rgba(0,0,0,0.9)\",\"sliderPreloaderColor\":\"rgba(255,255,255,1)\",\"sliderHeaderFooterBgColor\":\"rgba(0,0,0,0.4)\",\"sliderNavigationColor\":\"rgba(0,0,0,1)\",\"sliderNavigationColorOver\":\"rgba(255,255,255,1)\",\"sliderNavigationIconColor\":\"rgba(255,255,255,1)\",\"sliderNavigationIconColorOver\":\"rgba(0,0,0,1)\",\"sliderItemTitleEnable\":0,\"sliderItemTitleFontSize\":18,\"sliderItemTitleTextColor\":\"rgba(255,255,255,1)\",\"sliderItemDescriptionEnable\":0,\"sliderItemDescriptionFontSize\":16,\"sliderItemDescriptionTextColor\":\"rgba(255,255,255,0.8)\",\"infoBarExifEnable\":0,\"sliderThumbBarEnable\":0,\"sliderThumbBarHoverColor\":\"rgba(255,255,255,1)\",\"sliderPlayButton\":1,\"slideshowDelay\":8,\"slideshowProgressBarColor\":\"rgba(255,255,255,1)\",\"slideshowProgressBarBGColor\":\"rgba(255,255,255,0.6)\",\"sliderZoomButton\":1,\"sliderSocialShareEnabled\":1,\"sliderFullScreen\":1,\"sliderThumbSubMenuBackgroundColor\":\"rgba(0, 0, 0, 0)\",\"sliderThumbSubMenuIconColor\":\"rgba(255, 255, 255, 1)\",\"sliderThumbSubMenuBackgroundColorOver\":\"rgba(255, 255, 255, 1)\",\"sliderThumbSubMenuIconHoverColor\":\"rgba(0, 0, 0, 1)\",\"__lightbox\":\"woowlightbox\",\"collectionPreloaderColor\":\"rgba(180,180,180,1)\",\"collectionBgColor\":\"rgba(255,255,255,0)\",\"collectionThumbColumns\":3,\"collectionThumbRecomendedWidth\":200,\"thumbSpacing\":10,\"tagsFilter\":1,\"tagCloudAll\":\"All\",\"tagCloudTextColor\":\"rgba(0,0,0,1)\",\"tagCloudBgColor\":\"rgba(180,180,180,1)\",\"collectionThumbHoverColor\":\"rgba(0,0,0,0.5)\",\"collectionThumbTitleShow\":0,\"collectionThumbTitleColor\":\"rgba(0,0,0,1)\",\"collectionThumbFontSize\":18,\"collectionThumbDescriptionShow\":0,\"collectionThumbContentBGColor\":\"rgba(220,220,220,1)\",\"collectionThumbDescriptionColor\":\"rgba(0,0,0,1)\",\"collectionThumbDescriptionFontSize\":15,\"collectionReadMoreButtonShow\":0,\"collectionReadMoreButtonLabel\":\"Read More\",\"collectionReadMoreButtonFontSize\":12,\"collectionReadMoreButtonBGColor\":\"rgba(0,0,0,1)\",\"collectionReadMoreButtonBGColorHover\":\"rgba(180,180,180,1)\",\"collectionReadMoreButtonLabelColor\":\"rgba(255,255,255,1)\",\"collectionReadMoreButtonLabelColorHover\":\"rgba(0,0,0,1)\",\"shareBarBgColor\":\"rgba(0,0,0,0.9)\",\"shareBarIconColor\":\"rgba(255,255,255,1)\",\"shareBarFacebook\":1,\"shareBarTwitter\":1,\"shareBarPinterest\":1,\"shareBarDownload\":1,\"__skin\":\"amron\",\"lightBoxEnable\":1}<\/script>\n\t\t<\/div>\n\t\t<\/div><noscript><a href=\"http:\/\/rwmotos.com\/wp-content\/uploads\/2024\/07\/WhatsApp-Image-2024-07-13-at-11.47.00-1.jpeg\"><img class=\"skip-lazy no-lazyload\" data-lazy-src=\"\" src =\"http:\/\/rwmotos.com\/wp-content\/uploads\/2024\/07\/WhatsApp-Image-2024-07-13-at-11.47.00-1.jpeg\" width=\"720\" height=\"598\" title=\"\" alt=\"\" \/><\/a><a href=\"http:\/\/rwmotos.com\/wp-content\/uploads\/2024\/07\/WhatsApp-Image-2024-07-13-at-11.47.00.jpeg\"><img class=\"skip-lazy no-lazyload\" data-lazy-src=\"\" src =\"http:\/\/rwmotos.com\/wp-content\/uploads\/2024\/07\/WhatsApp-Image-2024-07-13-at-11.47.00.jpeg\" width=\"720\" height=\"569\" title=\"\" alt=\"\" \/><\/a><a href=\"http:\/\/rwmotos.com\/wp-content\/uploads\/2024\/07\/WhatsApp-Image-2024-07-13-at-11.46.59-4.jpeg\"><img class=\"skip-lazy no-lazyload\" data-lazy-src=\"\" src =\"http:\/\/rwmotos.com\/wp-content\/uploads\/2024\/07\/WhatsApp-Image-2024-07-13-at-11.46.59-4.jpeg\" width=\"720\" height=\"565\" title=\"\" alt=\"\" \/><\/a><a href=\"http:\/\/rwmotos.com\/wp-content\/uploads\/2024\/07\/WhatsApp-Image-2024-07-13-at-11.46.59-3.jpeg\"><img class=\"skip-lazy no-lazyload\" data-lazy-src=\"\" src =\"http:\/\/rwmotos.com\/wp-content\/uploads\/2024\/07\/WhatsApp-Image-2024-07-13-at-11.46.59-3.jpeg\" width=\"720\" height=\"563\" title=\"\" alt=\"\" \/><\/a><a href=\"http:\/\/rwmotos.com\/wp-content\/uploads\/2024\/07\/WhatsApp-Image-2024-07-13-at-11.46.59-2.jpeg\"><img class=\"skip-lazy no-lazyload\" data-lazy-src=\"\" src =\"http:\/\/rwmotos.com\/wp-content\/uploads\/2024\/07\/WhatsApp-Image-2024-07-13-at-11.46.59-2.jpeg\" width=\"720\" height=\"555\" title=\"\" alt=\"\" \/><\/a><a href=\"http:\/\/rwmotos.com\/wp-content\/uploads\/2024\/07\/WhatsApp-Image-2024-07-13-at-11.46.59-1.jpeg\"><img class=\"skip-lazy no-lazyload\" data-lazy-src=\"\" src =\"http:\/\/rwmotos.com\/wp-content\/uploads\/2024\/07\/WhatsApp-Image-2024-07-13-at-11.46.59-1.jpeg\" width=\"720\" height=\"567\" title=\"\" alt=\"\" \/><\/a><a href=\"http:\/\/rwmotos.com\/wp-content\/uploads\/2024\/07\/WhatsApp-Image-2024-07-13-at-11.46.59.jpeg\"><img class=\"skip-lazy no-lazyload\" data-lazy-src=\"\" src =\"http:\/\/rwmotos.com\/wp-content\/uploads\/2024\/07\/WhatsApp-Image-2024-07-13-at-11.46.59.jpeg\" width=\"720\" height=\"576\" title=\"\" alt=\"\" \/><\/a><a href=\"http:\/\/rwmotos.com\/wp-content\/uploads\/2024\/07\/WhatsApp-Image-2024-07-13-at-11.46.58-4.jpeg\"><img class=\"skip-lazy no-lazyload\" data-lazy-src=\"\" src =\"http:\/\/rwmotos.com\/wp-content\/uploads\/2024\/07\/WhatsApp-Image-2024-07-13-at-11.46.58-4.jpeg\" width=\"720\" height=\"564\" title=\"\" alt=\"\" \/><\/a><a href=\"http:\/\/rwmotos.com\/wp-content\/uploads\/2024\/07\/WhatsApp-Image-2024-07-13-at-11.46.58-3.jpeg\"><img class=\"skip-lazy no-lazyload\" data-lazy-src=\"\" src =\"http:\/\/rwmotos.com\/wp-content\/uploads\/2024\/07\/WhatsApp-Image-2024-07-13-at-11.46.58-3.jpeg\" width=\"720\" height=\"573\" title=\"\" alt=\"\" \/><\/a><a href=\"http:\/\/rwmotos.com\/wp-content\/uploads\/2024\/07\/WhatsApp-Image-2024-07-13-at-11.46.58-2.jpeg\"><img class=\"skip-lazy no-lazyload\" data-lazy-src=\"\" src =\"http:\/\/rwmotos.com\/wp-content\/uploads\/2024\/07\/WhatsApp-Image-2024-07-13-at-11.46.58-2.jpeg\" width=\"695\" height=\"548\" title=\"\" alt=\"\" \/><\/a><a href=\"http:\/\/rwmotos.com\/wp-content\/uploads\/2024\/07\/WhatsApp-Image-2024-07-13-at-11.46.58-1.jpeg\"><img class=\"skip-lazy no-lazyload\" data-lazy-src=\"\" src =\"http:\/\/rwmotos.com\/wp-content\/uploads\/2024\/07\/WhatsApp-Image-2024-07-13-at-11.46.58-1.jpeg\" width=\"720\" height=\"575\" title=\"\" alt=\"\" \/><\/a><a href=\"http:\/\/rwmotos.com\/wp-content\/uploads\/2024\/07\/WhatsApp-Image-2024-07-13-at-11.46.58.jpeg\"><img class=\"skip-lazy no-lazyload\" data-lazy-src=\"\" src =\"http:\/\/rwmotos.com\/wp-content\/uploads\/2024\/07\/WhatsApp-Image-2024-07-13-at-11.46.58.jpeg\" width=\"720\" height=\"571\" title=\"\" alt=\"\" \/><\/a><a href=\"http:\/\/rwmotos.com\/wp-content\/uploads\/2024\/07\/WhatsApp-Image-2024-07-13-at-11.46.57.jpeg\"><img class=\"skip-lazy no-lazyload\" data-lazy-src=\"\" src =\"http:\/\/rwmotos.com\/wp-content\/uploads\/2024\/07\/WhatsApp-Image-2024-07-13-at-11.46.57.jpeg\" width=\"720\" height=\"595\" title=\"\" alt=\"\" \/><\/a><\/noscript>\n<\/div>","protected":false},"excerpt":{"rendered":"<div class=\"entry-content-stat post-content\"><p>Cidade:S\u00e3o Paulo &#8211; SP<br \/>\nAno:2013\/2013<br \/>\nMarchas:5<br \/>\nQuilometragem:10.500<br \/>\nTipo de motor:4 Tempos<br \/>\nCor:Preto-Preto<br \/>\nRefrigera\u00e7\u00e3o:l\u00edquida<br \/>\nEstilo:Custom<br \/>\nCilindrada:1250<br \/>\nPartida:el\u00e9trica<br \/>\nFreio dianteiro \/traseiro:disco\/disco<br \/>\nAlimenta\u00e7\u00e3o:Inje\u00e7\u00e3o Eletr\u00f4nica<\/p>\n<\/div>","protected":false},"featured_media":1349,"comment_status":"open","ping_status":"closed","template":"","meta":[],"product_cat":[88],"product_tag":[],"_links":{"self":[{"href":"https:\/\/rwmotos.com\/index.php?rest_route=\/wp\/v2\/product\/1306"}],"collection":[{"href":"https:\/\/rwmotos.com\/index.php?rest_route=\/wp\/v2\/product"}],"about":[{"href":"https:\/\/rwmotos.com\/index.php?rest_route=\/wp\/v2\/types\/product"}],"replies":[{"embeddable":true,"href":"https:\/\/rwmotos.com\/index.php?rest_route=%2Fwp%2Fv2%2Fcomments&post=1306"}],"wp:featuredmedia":[{"embeddable":true,"href":"https:\/\/rwmotos.com\/index.php?rest_route=\/wp\/v2\/media\/1349"}],"wp:attachment":[{"href":"https:\/\/rwmotos.com\/index.php?rest_route=%2Fwp%2Fv2%2Fmedia&parent=1306"}],"wp:term":[{"taxonomy":"product_cat","embeddable":true,"href":"https:\/\/rwmotos.com\/index.php?rest_route=%2Fwp%2Fv2%2Fproduct_cat&post=1306"},{"taxonomy":"product_tag","embeddable":true,"href":"https:\/\/rwmotos.com\/index.php?rest_route=%2Fwp%2Fv2%2Fproduct_tag&post=1306"}],"curies":[{"name":"wp","href":"https:\/\/api.w.org\/{rel}","templated":true}]}}