{"id":1135,"date":"2024-03-06T12:18:52","date_gmt":"2024-03-06T15:18:52","guid":{"rendered":"https:\/\/rwmotos.com\/?post_type=product&#038;p=1135"},"modified":"2024-07-12T13:31:45","modified_gmt":"2024-07-12T16:31:45","slug":"kawasaki-kx-65-r-14-90000","status":"publish","type":"product","link":"https:\/\/rwmotos.com\/?product=kawasaki-kx-65-r-14-90000","title":{"rendered":"Kawasaki KX 65-R$: 13.900,00"},"content":{"rendered":"<div class=\"post-content\"><div id=\"wg_1123_17764198302423\" class=\"woowgallery-wrapper wg-id-1123 type-woowgallery\" itemscope itemtype=\"http:\/\/schema.org\/ImageGallery\">\t\t<div class='woowgallery-amron'>\n\t\t\t<script type=\"application\/json\" class=\"wg-json-content\">[{\"type\":\"attachment\",\"subtype\":\"image\",\"status\":\"publish\",\"id\":\"1125\",\"title_src\":\"title\",\"alt_src\":\"alt\",\"caption_src\":\"caption\",\"title\":\"IMG_5161\",\"alt\":\"\",\"caption\":\"\",\"link\":{\"text\":\"\",\"url\":\"\",\"target\":\"_self\"},\"tags\":[],\"author\":{\"id\":\"1\",\"name\":\"suporte@spybox.com.br\",\"url\":\"http:\\\/\\\/rwmotos.com\"},\"slug\":\"img_5161\",\"date\":\"2024-03-06T12:12:18\",\"src\":\"https:\\\/\\\/rwmotos.com\\\/?p=1125\",\"original\":\"https:\\\/\\\/rwmotos.com\\\/wp-content\\\/uploads\\\/2024\\\/03\\\/IMG_5161-scaled.jpg\",\"comments\":{\"status\":\"open\",\"count\":\"0\"},\"copyright\":\"\",\"thumb\":[\"https:\\\/\\\/rwmotos.com\\\/wp-content\\\/uploads\\\/2024\\\/03\\\/IMG_5161-scaled-400x267.jpg\",400,267,true],\"image\":[\"https:\\\/\\\/rwmotos.com\\\/wp-content\\\/uploads\\\/2024\\\/03\\\/IMG_5161-scaled-2200x1467.jpg\",2200,1467,true],\"image_id\":1125,\"resized\":true,\"file\":\"\\\/home\\\/u682471960\\\/domains\\\/rwmotos.com\\\/public_html\\\/wp-content\\\/uploads\\\/2024\\\/03\\\/IMG_5161-scaled.jpg\",\"meta\":[],\"tags_taxonomy\":\"media_tag\"},{\"type\":\"attachment\",\"subtype\":\"image\",\"status\":\"publish\",\"id\":\"1127\",\"title_src\":\"title\",\"alt_src\":\"alt\",\"caption_src\":\"caption\",\"title\":\"IMG_5167\",\"alt\":\"\",\"caption\":\"\",\"link\":{\"text\":\"\",\"url\":\"\",\"target\":\"_self\"},\"tags\":[],\"author\":{\"id\":\"1\",\"name\":\"suporte@spybox.com.br\",\"url\":\"http:\\\/\\\/rwmotos.com\"},\"slug\":\"img_5167\",\"date\":\"2024-03-06T12:13:07\",\"src\":\"https:\\\/\\\/rwmotos.com\\\/?p=1127\",\"original\":\"https:\\\/\\\/rwmotos.com\\\/wp-content\\\/uploads\\\/2024\\\/03\\\/IMG_5167-scaled.jpg\",\"comments\":{\"status\":\"open\",\"count\":\"0\"},\"copyright\":\"\",\"thumb\":[\"https:\\\/\\\/rwmotos.com\\\/wp-content\\\/uploads\\\/2024\\\/03\\\/IMG_5167-scaled-400x267.jpg\",400,267,true],\"image\":[\"https:\\\/\\\/rwmotos.com\\\/wp-content\\\/uploads\\\/2024\\\/03\\\/IMG_5167-scaled-2200x1467.jpg\",2200,1467,true],\"image_id\":1127,\"resized\":true,\"file\":\"\\\/home\\\/u682471960\\\/domains\\\/rwmotos.com\\\/public_html\\\/wp-content\\\/uploads\\\/2024\\\/03\\\/IMG_5167-scaled.jpg\",\"meta\":[],\"tags_taxonomy\":\"media_tag\"},{\"type\":\"attachment\",\"subtype\":\"image\",\"status\":\"publish\",\"id\":\"1129\",\"title_src\":\"title\",\"alt_src\":\"alt\",\"caption_src\":\"caption\",\"title\":\"IMG_5173\",\"alt\":\"\",\"caption\":\"\",\"link\":{\"text\":\"\",\"url\":\"\",\"target\":\"_self\"},\"tags\":[],\"author\":{\"id\":\"1\",\"name\":\"suporte@spybox.com.br\",\"url\":\"http:\\\/\\\/rwmotos.com\"},\"slug\":\"img_5173\",\"date\":\"2024-03-06T12:13:31\",\"src\":\"https:\\\/\\\/rwmotos.com\\\/?p=1129\",\"original\":\"https:\\\/\\\/rwmotos.com\\\/wp-content\\\/uploads\\\/2024\\\/03\\\/IMG_5173-scaled.jpg\",\"comments\":{\"status\":\"open\",\"count\":\"0\"},\"copyright\":\"\",\"thumb\":[\"https:\\\/\\\/rwmotos.com\\\/wp-content\\\/uploads\\\/2024\\\/03\\\/IMG_5173-scaled-400x267.jpg\",400,267,true],\"image\":[\"https:\\\/\\\/rwmotos.com\\\/wp-content\\\/uploads\\\/2024\\\/03\\\/IMG_5173-scaled-2200x1467.jpg\",2200,1467,true],\"image_id\":1129,\"resized\":true,\"file\":\"\\\/home\\\/u682471960\\\/domains\\\/rwmotos.com\\\/public_html\\\/wp-content\\\/uploads\\\/2024\\\/03\\\/IMG_5173-scaled.jpg\",\"meta\":[],\"tags_taxonomy\":\"media_tag\"},{\"type\":\"attachment\",\"subtype\":\"image\",\"status\":\"publish\",\"id\":\"1124\",\"title_src\":\"title\",\"alt_src\":\"alt\",\"caption_src\":\"caption\",\"title\":\"IMG_5155\",\"alt\":\"\",\"caption\":\"\",\"link\":{\"text\":\"\",\"url\":\"\",\"target\":\"_self\"},\"tags\":[],\"author\":{\"id\":\"1\",\"name\":\"suporte@spybox.com.br\",\"url\":\"http:\\\/\\\/rwmotos.com\"},\"slug\":\"img_5155\",\"date\":\"2024-03-06T12:11:33\",\"src\":\"https:\\\/\\\/rwmotos.com\\\/?p=1124\",\"original\":\"https:\\\/\\\/rwmotos.com\\\/wp-content\\\/uploads\\\/2024\\\/03\\\/IMG_5155-scaled.jpg\",\"comments\":{\"status\":\"open\",\"count\":\"0\"},\"copyright\":\"\",\"thumb\":[\"https:\\\/\\\/rwmotos.com\\\/wp-content\\\/uploads\\\/2024\\\/03\\\/IMG_5155-scaled-400x267.jpg\",400,267,true],\"image\":[\"https:\\\/\\\/rwmotos.com\\\/wp-content\\\/uploads\\\/2024\\\/03\\\/IMG_5155-scaled-2200x1467.jpg\",2200,1467,true],\"image_id\":1124,\"resized\":true,\"file\":\"\\\/home\\\/u682471960\\\/domains\\\/rwmotos.com\\\/public_html\\\/wp-content\\\/uploads\\\/2024\\\/03\\\/IMG_5155-scaled.jpg\",\"meta\":[],\"tags_taxonomy\":\"media_tag\"},{\"type\":\"attachment\",\"subtype\":\"image\",\"status\":\"publish\",\"id\":\"1131\",\"title_src\":\"title\",\"alt_src\":\"alt\",\"caption_src\":\"caption\",\"title\":\"IMG_5178\",\"alt\":\"\",\"caption\":\"\",\"link\":{\"text\":\"\",\"url\":\"\",\"target\":\"_self\"},\"tags\":[],\"author\":{\"id\":\"1\",\"name\":\"suporte@spybox.com.br\",\"url\":\"http:\\\/\\\/rwmotos.com\"},\"slug\":\"img_5178\",\"date\":\"2024-03-06T12:13:58\",\"src\":\"https:\\\/\\\/rwmotos.com\\\/?p=1131\",\"original\":\"https:\\\/\\\/rwmotos.com\\\/wp-content\\\/uploads\\\/2024\\\/03\\\/IMG_5178-scaled.jpg\",\"comments\":{\"status\":\"open\",\"count\":\"0\"},\"copyright\":\"\",\"thumb\":[\"https:\\\/\\\/rwmotos.com\\\/wp-content\\\/uploads\\\/2024\\\/03\\\/IMG_5178-scaled-400x267.jpg\",400,267,true],\"image\":[\"https:\\\/\\\/rwmotos.com\\\/wp-content\\\/uploads\\\/2024\\\/03\\\/IMG_5178-scaled-2200x1467.jpg\",2200,1467,true],\"image_id\":1131,\"resized\":true,\"file\":\"\\\/home\\\/u682471960\\\/domains\\\/rwmotos.com\\\/public_html\\\/wp-content\\\/uploads\\\/2024\\\/03\\\/IMG_5178-scaled.jpg\",\"meta\":[],\"tags_taxonomy\":\"media_tag\"},{\"type\":\"attachment\",\"subtype\":\"image\",\"status\":\"publish\",\"id\":\"1132\",\"title_src\":\"title\",\"alt_src\":\"alt\",\"caption_src\":\"caption\",\"title\":\"IMG_5181\",\"alt\":\"\",\"caption\":\"\",\"link\":{\"text\":\"\",\"url\":\"\",\"target\":\"_self\"},\"tags\":[],\"author\":{\"id\":\"1\",\"name\":\"suporte@spybox.com.br\",\"url\":\"http:\\\/\\\/rwmotos.com\"},\"slug\":\"img_5181\",\"date\":\"2024-03-06T12:14:10\",\"src\":\"https:\\\/\\\/rwmotos.com\\\/?p=1132\",\"original\":\"https:\\\/\\\/rwmotos.com\\\/wp-content\\\/uploads\\\/2024\\\/03\\\/IMG_5181-scaled.jpg\",\"comments\":{\"status\":\"open\",\"count\":\"0\"},\"copyright\":\"\",\"thumb\":[\"https:\\\/\\\/rwmotos.com\\\/wp-content\\\/uploads\\\/2024\\\/03\\\/IMG_5181-scaled-400x267.jpg\",400,267,true],\"image\":[\"https:\\\/\\\/rwmotos.com\\\/wp-content\\\/uploads\\\/2024\\\/03\\\/IMG_5181-scaled-2200x1467.jpg\",2200,1467,true],\"image_id\":1132,\"resized\":true,\"file\":\"\\\/home\\\/u682471960\\\/domains\\\/rwmotos.com\\\/public_html\\\/wp-content\\\/uploads\\\/2024\\\/03\\\/IMG_5181-scaled.jpg\",\"meta\":[],\"tags_taxonomy\":\"media_tag\"},{\"type\":\"attachment\",\"subtype\":\"image\",\"status\":\"publish\",\"id\":\"1134\",\"title_src\":\"title\",\"alt_src\":\"alt\",\"caption_src\":\"caption\",\"title\":\"IMG_5187\",\"alt\":\"\",\"caption\":\"\",\"link\":{\"text\":\"\",\"url\":\"\",\"target\":\"_self\"},\"tags\":[],\"author\":{\"id\":\"1\",\"name\":\"suporte@spybox.com.br\",\"url\":\"http:\\\/\\\/rwmotos.com\"},\"slug\":\"img_5187\",\"date\":\"2024-03-06T12:14:34\",\"src\":\"https:\\\/\\\/rwmotos.com\\\/?p=1134\",\"original\":\"https:\\\/\\\/rwmotos.com\\\/wp-content\\\/uploads\\\/2024\\\/03\\\/IMG_5187-scaled.jpg\",\"comments\":{\"status\":\"open\",\"count\":\"0\"},\"copyright\":\"\",\"thumb\":[\"https:\\\/\\\/rwmotos.com\\\/wp-content\\\/uploads\\\/2024\\\/03\\\/IMG_5187-scaled-400x267.jpg\",400,267,true],\"image\":[\"https:\\\/\\\/rwmotos.com\\\/wp-content\\\/uploads\\\/2024\\\/03\\\/IMG_5187-scaled-2200x1467.jpg\",2200,1467,true],\"image_id\":1134,\"resized\":true,\"file\":\"\\\/home\\\/u682471960\\\/domains\\\/rwmotos.com\\\/public_html\\\/wp-content\\\/uploads\\\/2024\\\/03\\\/IMG_5187-scaled.jpg\",\"meta\":[],\"tags_taxonomy\":\"media_tag\"},{\"type\":\"attachment\",\"subtype\":\"image\",\"status\":\"publish\",\"id\":\"1130\",\"title_src\":\"title\",\"alt_src\":\"alt\",\"caption_src\":\"caption\",\"title\":\"IMG_5175\",\"alt\":\"\",\"caption\":\"\",\"link\":{\"text\":\"\",\"url\":\"\",\"target\":\"_self\"},\"tags\":[],\"author\":{\"id\":\"1\",\"name\":\"suporte@spybox.com.br\",\"url\":\"http:\\\/\\\/rwmotos.com\"},\"slug\":\"img_5175\",\"date\":\"2024-03-06T12:13:44\",\"src\":\"https:\\\/\\\/rwmotos.com\\\/?p=1130\",\"original\":\"https:\\\/\\\/rwmotos.com\\\/wp-content\\\/uploads\\\/2024\\\/03\\\/IMG_5175-scaled.jpg\",\"comments\":{\"status\":\"open\",\"count\":\"0\"},\"copyright\":\"\",\"thumb\":[\"https:\\\/\\\/rwmotos.com\\\/wp-content\\\/uploads\\\/2024\\\/03\\\/IMG_5175-scaled-400x267.jpg\",400,267,true],\"image\":[\"https:\\\/\\\/rwmotos.com\\\/wp-content\\\/uploads\\\/2024\\\/03\\\/IMG_5175-scaled-2200x1467.jpg\",2200,1467,true],\"image_id\":1130,\"resized\":true,\"file\":\"\\\/home\\\/u682471960\\\/domains\\\/rwmotos.com\\\/public_html\\\/wp-content\\\/uploads\\\/2024\\\/03\\\/IMG_5175-scaled.jpg\",\"meta\":[],\"tags_taxonomy\":\"media_tag\"},{\"type\":\"attachment\",\"subtype\":\"image\",\"status\":\"publish\",\"id\":\"1126\",\"title_src\":\"title\",\"alt_src\":\"alt\",\"caption_src\":\"caption\",\"title\":\"IMG_5165\",\"alt\":\"\",\"caption\":\"\",\"link\":{\"text\":\"\",\"url\":\"\",\"target\":\"_self\"},\"tags\":[],\"author\":{\"id\":\"1\",\"name\":\"suporte@spybox.com.br\",\"url\":\"http:\\\/\\\/rwmotos.com\"},\"slug\":\"img_5165\",\"date\":\"2024-03-06T12:12:56\",\"src\":\"https:\\\/\\\/rwmotos.com\\\/?p=1126\",\"original\":\"https:\\\/\\\/rwmotos.com\\\/wp-content\\\/uploads\\\/2024\\\/03\\\/IMG_5165-scaled.jpg\",\"comments\":{\"status\":\"open\",\"count\":\"0\"},\"copyright\":\"\",\"thumb\":[\"https:\\\/\\\/rwmotos.com\\\/wp-content\\\/uploads\\\/2024\\\/03\\\/IMG_5165-scaled-400x267.jpg\",400,267,true],\"image\":[\"https:\\\/\\\/rwmotos.com\\\/wp-content\\\/uploads\\\/2024\\\/03\\\/IMG_5165-scaled-2200x1467.jpg\",2200,1467,true],\"image_id\":1126,\"resized\":true,\"file\":\"\\\/home\\\/u682471960\\\/domains\\\/rwmotos.com\\\/public_html\\\/wp-content\\\/uploads\\\/2024\\\/03\\\/IMG_5165-scaled.jpg\",\"meta\":[],\"tags_taxonomy\":\"media_tag\"},{\"type\":\"attachment\",\"subtype\":\"image\",\"status\":\"publish\",\"id\":\"1128\",\"title_src\":\"title\",\"alt_src\":\"alt\",\"caption_src\":\"caption\",\"title\":\"IMG_5171\",\"alt\":\"\",\"caption\":\"\",\"link\":{\"text\":\"\",\"url\":\"\",\"target\":\"_self\"},\"tags\":[],\"author\":{\"id\":\"1\",\"name\":\"suporte@spybox.com.br\",\"url\":\"http:\\\/\\\/rwmotos.com\"},\"slug\":\"img_5171\",\"date\":\"2024-03-06T12:13:19\",\"src\":\"https:\\\/\\\/rwmotos.com\\\/?p=1128\",\"original\":\"https:\\\/\\\/rwmotos.com\\\/wp-content\\\/uploads\\\/2024\\\/03\\\/IMG_5171-scaled.jpg\",\"comments\":{\"status\":\"open\",\"count\":\"0\"},\"copyright\":\"\",\"thumb\":[\"https:\\\/\\\/rwmotos.com\\\/wp-content\\\/uploads\\\/2024\\\/03\\\/IMG_5171-scaled-400x267.jpg\",400,267,true],\"image\":[\"https:\\\/\\\/rwmotos.com\\\/wp-content\\\/uploads\\\/2024\\\/03\\\/IMG_5171-scaled-2200x1467.jpg\",2200,1467,true],\"image_id\":1128,\"resized\":true,\"file\":\"\\\/home\\\/u682471960\\\/domains\\\/rwmotos.com\\\/public_html\\\/wp-content\\\/uploads\\\/2024\\\/03\\\/IMG_5171-scaled.jpg\",\"meta\":[],\"tags_taxonomy\":\"media_tag\"},{\"type\":\"attachment\",\"subtype\":\"image\",\"status\":\"publish\",\"id\":\"1133\",\"title_src\":\"title\",\"alt_src\":\"alt\",\"caption_src\":\"caption\",\"title\":\"IMG_5183\",\"alt\":\"\",\"caption\":\"\",\"link\":{\"text\":\"\",\"url\":\"\",\"target\":\"_self\"},\"tags\":[],\"author\":{\"id\":\"1\",\"name\":\"suporte@spybox.com.br\",\"url\":\"http:\\\/\\\/rwmotos.com\"},\"slug\":\"img_5183\",\"date\":\"2024-03-06T12:14:21\",\"src\":\"https:\\\/\\\/rwmotos.com\\\/?p=1133\",\"original\":\"https:\\\/\\\/rwmotos.com\\\/wp-content\\\/uploads\\\/2024\\\/03\\\/IMG_5183-scaled.jpg\",\"comments\":{\"status\":\"open\",\"count\":\"0\"},\"copyright\":\"\",\"thumb\":[\"https:\\\/\\\/rwmotos.com\\\/wp-content\\\/uploads\\\/2024\\\/03\\\/IMG_5183-scaled-400x267.jpg\",400,267,true],\"image\":[\"https:\\\/\\\/rwmotos.com\\\/wp-content\\\/uploads\\\/2024\\\/03\\\/IMG_5183-scaled-2200x1467.jpg\",2200,1467,true],\"image_id\":1133,\"resized\":true,\"file\":\"\\\/home\\\/u682471960\\\/domains\\\/rwmotos.com\\\/public_html\\\/wp-content\\\/uploads\\\/2024\\\/03\\\/IMG_5183-scaled.jpg\",\"meta\":[],\"tags_taxonomy\":\"media_tag\"}]<\/script>\n\t\t\t<script type=\"application\/json\" class=\"wg-json-settings\">{\"copyR_Protection\":1,\"copyR_Alert\":\"Hello, this photo is mine!\",\"sliderScrollNavi\":1,\"sliderNextPrevAnimation\":\"animation\",\"sliderBgColor\":\"rgba(0,0,0,0.9)\",\"sliderPreloaderColor\":\"rgba(255,255,255,1)\",\"sliderHeaderFooterBgColor\":\"rgba(0,0,0,0.4)\",\"sliderNavigationColor\":\"rgba(0,0,0,1)\",\"sliderNavigationColorOver\":\"rgba(255,255,255,1)\",\"sliderNavigationIconColor\":\"rgba(255,255,255,1)\",\"sliderNavigationIconColorOver\":\"rgba(0,0,0,1)\",\"sliderItemTitleEnable\":0,\"sliderItemTitleFontSize\":18,\"sliderItemTitleTextColor\":\"rgba(255,255,255,1)\",\"sliderItemDescriptionEnable\":0,\"sliderItemDescriptionFontSize\":16,\"sliderItemDescriptionTextColor\":\"rgba(255,255,255,0.8)\",\"infoBarExifEnable\":0,\"sliderThumbBarEnable\":1,\"sliderThumbBarHoverColor\":\"rgba(255,255,255,1)\",\"sliderPlayButton\":1,\"slideshowDelay\":8,\"slideshowProgressBarColor\":\"rgba(255,255,255,1)\",\"slideshowProgressBarBGColor\":\"rgba(255,255,255,0.6)\",\"sliderZoomButton\":1,\"sliderSocialShareEnabled\":1,\"sliderFullScreen\":1,\"sliderThumbSubMenuBackgroundColor\":\"rgba(0, 0, 0, 0)\",\"sliderThumbSubMenuIconColor\":\"rgba(255, 255, 255, 1)\",\"sliderThumbSubMenuBackgroundColorOver\":\"rgba(255, 255, 255, 1)\",\"sliderThumbSubMenuIconHoverColor\":\"rgba(0, 0, 0, 1)\",\"__lightbox\":\"woowlightbox\",\"collectionPreloaderColor\":\"rgba(180,180,180,1)\",\"collectionBgColor\":\"rgba(255,255,255,0)\",\"collectionThumbColumns\":3,\"collectionThumbRecomendedWidth\":200,\"thumbSpacing\":10,\"tagsFilter\":1,\"tagCloudAll\":\"All\",\"tagCloudTextColor\":\"rgba(0,0,0,1)\",\"tagCloudBgColor\":\"rgba(180,180,180,1)\",\"collectionThumbHoverColor\":\"rgba(0,0,0,0.5)\",\"collectionThumbTitleShow\":0,\"collectionThumbTitleColor\":\"rgba(0,0,0,1)\",\"collectionThumbFontSize\":18,\"collectionThumbDescriptionShow\":1,\"collectionThumbContentBGColor\":\"rgba(220,220,220,1)\",\"collectionThumbDescriptionColor\":\"rgba(0,0,0,1)\",\"collectionThumbDescriptionFontSize\":15,\"collectionReadMoreButtonShow\":1,\"collectionReadMoreButtonLabel\":\"Read More\",\"collectionReadMoreButtonFontSize\":12,\"collectionReadMoreButtonBGColor\":\"rgba(0,0,0,1)\",\"collectionReadMoreButtonBGColorHover\":\"rgba(180,180,180,1)\",\"collectionReadMoreButtonLabelColor\":\"rgba(255,255,255,1)\",\"collectionReadMoreButtonLabelColorHover\":\"rgba(0,0,0,1)\",\"shareBarBgColor\":\"rgba(0,0,0,0.9)\",\"shareBarIconColor\":\"rgba(255,255,255,1)\",\"shareBarFacebook\":1,\"shareBarTwitter\":1,\"shareBarPinterest\":1,\"shareBarDownload\":1,\"__skin\":\"amron\",\"lightBoxEnable\":1}<\/script>\n\t\t<\/div>\n\t\t<\/div><noscript><a href=\"https:\/\/rwmotos.com\/wp-content\/uploads\/2024\/03\/IMG_5161-scaled.jpg\"><img class=\"skip-lazy no-lazyload\" data-lazy-src=\"\" src =\"https:\/\/rwmotos.com\/wp-content\/uploads\/2024\/03\/IMG_5161-scaled-2200x1467.jpg\" width=\"2200\" height=\"1467\" title=\"IMG_5161\" alt=\"\" \/><\/a><a href=\"https:\/\/rwmotos.com\/wp-content\/uploads\/2024\/03\/IMG_5167-scaled.jpg\"><img class=\"skip-lazy no-lazyload\" data-lazy-src=\"\" src =\"https:\/\/rwmotos.com\/wp-content\/uploads\/2024\/03\/IMG_5167-scaled-2200x1467.jpg\" width=\"2200\" height=\"1467\" title=\"IMG_5167\" alt=\"\" \/><\/a><a href=\"https:\/\/rwmotos.com\/wp-content\/uploads\/2024\/03\/IMG_5173-scaled.jpg\"><img class=\"skip-lazy no-lazyload\" data-lazy-src=\"\" src =\"https:\/\/rwmotos.com\/wp-content\/uploads\/2024\/03\/IMG_5173-scaled-2200x1467.jpg\" width=\"2200\" height=\"1467\" title=\"IMG_5173\" alt=\"\" \/><\/a><a href=\"https:\/\/rwmotos.com\/wp-content\/uploads\/2024\/03\/IMG_5155-scaled.jpg\"><img class=\"skip-lazy no-lazyload\" data-lazy-src=\"\" src =\"https:\/\/rwmotos.com\/wp-content\/uploads\/2024\/03\/IMG_5155-scaled-2200x1467.jpg\" width=\"2200\" height=\"1467\" title=\"IMG_5155\" alt=\"\" \/><\/a><a href=\"https:\/\/rwmotos.com\/wp-content\/uploads\/2024\/03\/IMG_5178-scaled.jpg\"><img class=\"skip-lazy no-lazyload\" data-lazy-src=\"\" src =\"https:\/\/rwmotos.com\/wp-content\/uploads\/2024\/03\/IMG_5178-scaled-2200x1467.jpg\" width=\"2200\" height=\"1467\" title=\"IMG_5178\" alt=\"\" \/><\/a><a href=\"https:\/\/rwmotos.com\/wp-content\/uploads\/2024\/03\/IMG_5181-scaled.jpg\"><img class=\"skip-lazy no-lazyload\" data-lazy-src=\"\" src =\"https:\/\/rwmotos.com\/wp-content\/uploads\/2024\/03\/IMG_5181-scaled-2200x1467.jpg\" width=\"2200\" height=\"1467\" title=\"IMG_5181\" alt=\"\" \/><\/a><a href=\"https:\/\/rwmotos.com\/wp-content\/uploads\/2024\/03\/IMG_5187-scaled.jpg\"><img class=\"skip-lazy no-lazyload\" data-lazy-src=\"\" src =\"https:\/\/rwmotos.com\/wp-content\/uploads\/2024\/03\/IMG_5187-scaled-2200x1467.jpg\" width=\"2200\" height=\"1467\" title=\"IMG_5187\" alt=\"\" \/><\/a><a href=\"https:\/\/rwmotos.com\/wp-content\/uploads\/2024\/03\/IMG_5175-scaled.jpg\"><img class=\"skip-lazy no-lazyload\" data-lazy-src=\"\" src =\"https:\/\/rwmotos.com\/wp-content\/uploads\/2024\/03\/IMG_5175-scaled-2200x1467.jpg\" width=\"2200\" height=\"1467\" title=\"IMG_5175\" alt=\"\" \/><\/a><a href=\"https:\/\/rwmotos.com\/wp-content\/uploads\/2024\/03\/IMG_5165-scaled.jpg\"><img class=\"skip-lazy no-lazyload\" data-lazy-src=\"\" src =\"https:\/\/rwmotos.com\/wp-content\/uploads\/2024\/03\/IMG_5165-scaled-2200x1467.jpg\" width=\"2200\" height=\"1467\" title=\"IMG_5165\" alt=\"\" \/><\/a><a href=\"https:\/\/rwmotos.com\/wp-content\/uploads\/2024\/03\/IMG_5171-scaled.jpg\"><img class=\"skip-lazy no-lazyload\" data-lazy-src=\"\" src =\"https:\/\/rwmotos.com\/wp-content\/uploads\/2024\/03\/IMG_5171-scaled-2200x1467.jpg\" width=\"2200\" height=\"1467\" title=\"IMG_5171\" alt=\"\" \/><\/a><a href=\"https:\/\/rwmotos.com\/wp-content\/uploads\/2024\/03\/IMG_5183-scaled.jpg\"><img class=\"skip-lazy no-lazyload\" data-lazy-src=\"\" src =\"https:\/\/rwmotos.com\/wp-content\/uploads\/2024\/03\/IMG_5183-scaled-2200x1467.jpg\" width=\"2200\" height=\"1467\" title=\"IMG_5183\" alt=\"\" \/><\/a><\/noscript>\n<\/div>","protected":false},"excerpt":{"rendered":"<div class=\"entry-content-stat post-content\"><p>Cidade:S\u00e3o Paulo &#8211; SP<br \/>\nAno:2009\/2009<br \/>\nMarchas:6<br \/>\nQuilometragem:10.000<br \/>\nTipo de motor:2 Tempos<br \/>\nCor:Preto-Preto<br \/>\nRefrigera\u00e7\u00e3o:l\u00edquida<br \/>\nEstilo:Off Road<br \/>\nCilindrada:65<br \/>\nPartida:el\u00e9trica<br \/>\nFreio dianteiro \/traseiro:disco\/disco<br \/>\nAlimenta\u00e7\u00e3o:Inje\u00e7\u00e3o Eletr\u00f4nica<\/p>\n<\/div>","protected":false},"featured_media":1125,"comment_status":"open","ping_status":"closed","template":"","meta":[],"product_cat":[20],"product_tag":[],"_links":{"self":[{"href":"https:\/\/rwmotos.com\/index.php?rest_route=\/wp\/v2\/product\/1135"}],"collection":[{"href":"https:\/\/rwmotos.com\/index.php?rest_route=\/wp\/v2\/product"}],"about":[{"href":"https:\/\/rwmotos.com\/index.php?rest_route=\/wp\/v2\/types\/product"}],"replies":[{"embeddable":true,"href":"https:\/\/rwmotos.com\/index.php?rest_route=%2Fwp%2Fv2%2Fcomments&post=1135"}],"wp:featuredmedia":[{"embeddable":true,"href":"https:\/\/rwmotos.com\/index.php?rest_route=\/wp\/v2\/media\/1125"}],"wp:attachment":[{"href":"https:\/\/rwmotos.com\/index.php?rest_route=%2Fwp%2Fv2%2Fmedia&parent=1135"}],"wp:term":[{"taxonomy":"product_cat","embeddable":true,"href":"https:\/\/rwmotos.com\/index.php?rest_route=%2Fwp%2Fv2%2Fproduct_cat&post=1135"},{"taxonomy":"product_tag","embeddable":true,"href":"https:\/\/rwmotos.com\/index.php?rest_route=%2Fwp%2Fv2%2Fproduct_tag&post=1135"}],"curies":[{"name":"wp","href":"https:\/\/api.w.org\/{rel}","templated":true}]}}